{"id":159,"date":"2022-05-11T17:30:18","date_gmt":"2022-05-11T16:30:18","guid":{"rendered":"https:\/\/locama.pt\/web\/?page_id=159"},"modified":"2023-03-21T16:43:49","modified_gmt":"2023-03-21T16:43:49","slug":"politica-de-cookies","status":"publish","type":"page","link":"https:\/\/locama.pt\/web\/pt\/politica-de-cookies\/","title":{"rendered":"Pol\u00edtica de Cookies"},"content":{"rendered":"\t\t<div data-elementor-type=\"wp-page\" data-elementor-id=\"159\" class=\"elementor elementor-159\" data-elementor-post-type=\"page\">\n\t\t\t\t\t\t<section data-particle_enable=\"false\" data-particle-mobile-disabled=\"false\" class=\"elementor-section elementor-top-section elementor-element elementor-element-fbb439b elementor-section-boxed elementor-section-height-default elementor-section-height-default\" data-id=\"fbb439b\" data-element_type=\"section\">\n\t\t\t\t\t\t<div class=\"elementor-container elementor-column-gap-default\">\n\t\t\t\t\t<div class=\"elementor-column elementor-col-100 elementor-top-column elementor-element elementor-element-ccabe53\" data-id=\"ccabe53\" data-element_type=\"column\">\n\t\t\t<div class=\"elementor-widget-wrap elementor-element-populated\">\n\t\t\t\t\t\t<div class=\"elementor-element elementor-element-6daf903 elementor-widget elementor-widget-heading\" data-id=\"6daf903\" data-element_type=\"widget\" data-widget_type=\"heading.default\">\n\t\t\t\t<div class=\"elementor-widget-container\">\n\t\t\t<h2 class=\"elementor-heading-title elementor-size-default\">Pol\u00edtica de Cookies<\/h2>\t\t<\/div>\n\t\t\t\t<\/div>\n\t\t\t\t<div class=\"elementor-element elementor-element-3bcbc99 elementor-widget elementor-widget-text-editor\" data-id=\"3bcbc99\" data-element_type=\"widget\" data-widget_type=\"text-editor.default\">\n\t\t\t\t<div class=\"elementor-widget-container\">\n\t\t\t\t\t\t\t<p>Este website utiliza\u00a0<em>cookies<\/em>\u00a0para melhorar o seu servi\u00e7o.<\/p><p><strong>1. O que s\u00e3o\u00a0<em>cookies<\/em><\/strong>?<br \/>Os\u00a0<em>cookies<\/em>\u00a0s\u00e3o pequenos ficheiros de texto que um\u00a0<em>website<\/em>, ao ser visitado pelo utilizador, coloca no seu computador ou no seu dispositivo m\u00f3vel atrav\u00e9s do navegador de internet (browser). A coloca\u00e7\u00e3o de\u00a0<em>cookies<\/em>\u00a0ajudar\u00e1 o\u00a0<em>site<\/em>\u00a0a reconhecer o seu dispositivo na pr\u00f3xima vez que o utilizador o visita.\u00a0<\/p><p>Usamos o termo\u00a0<em>cookies<\/em>\u00a0nesta pol\u00edtica para referir todos os ficheiros que recolhem informa\u00e7\u00f5es desta forma.\u00a0Alguns cookies s\u00e3o essenciais para garantir as funcionalidades disponibilizadas, enquanto outros s\u00e3o destinadas a melhorar o desempenho e a experi\u00eancia do utilizador.\u00a0N\u00e3o dever\u00e1 continuar a aceder ao nosso\u00a0<em>website<\/em>\u00a0ap\u00f3s o alerta sobre os cookies, se n\u00e3o concordar com a sua utiliza\u00e7\u00e3o.<\/p><p><strong>Que tipo de c<em>ookies<\/em>\u00a0utilizamos<\/strong>?\u00a0<\/p><table width=\"596\"><thead><tr><td width=\"191\"><p><strong>ORIGEM<\/strong><\/p><\/td><td width=\"191\"><p><strong>NOME COOKIE<\/strong><\/p><\/td><td width=\"382\"><p><strong>PROP\u00d3SITO<\/strong><\/p><\/td><td width=\"191\"><p><strong>EXPIRA<\/strong><\/p><\/td><\/tr><\/thead><tbody><tr><td rowspan=\"2\" width=\"191\"><p>LOCAMA<\/p><\/td><td width=\"191\"><p>PHPSESSID<\/p><\/td><td width=\"382\"><p>\u00c9 utilizado pela linguagem PHP para permitir que as vari\u00e1veis de sess\u00e3o sejam guardadas no servidor web. Este cookie \u00e9 essencial para o funcionamento do website.<\/p><\/td><td width=\"191\"><p>Quando o browser \u00e9 fechado<\/p><\/td><\/tr><tr><td width=\"191\"><p>allowCookies<\/p><\/td><td width=\"382\"><p>Utilizado para controlar a aceita\u00e7\u00e3o do utilizador da pol\u00edtica de cookies do site<\/p><\/td><td width=\"191\"><p>Ap\u00f3s 1 ano<\/p><\/td><\/tr><tr><td width=\"191\"><p>AddThis<\/p><\/td><td width=\"191\"><p>__atuvc<\/p><\/td><td width=\"382\"><p>Criado e lido pelo AddThis, site JavaScript para a partilha nas redes sociais. Guarda o n\u00famero de partilhas de uma p\u00e1gina.<\/p><\/td><td width=\"191\"><p>Ap\u00f3s 2 anos<\/p><\/td><\/tr><tr><td rowspan=\"4\" width=\"191\"><p>Google<br \/>(<a href=\"https:\/\/developers.google.com\/analytics\/devguides\/collection\/gtagjs\/cookie-usage\"><strong>Saber mais<\/strong><\/a>)<\/p><\/td><td width=\"191\"><p>_ga<\/p><\/td><td width=\"382\"><p>Utilizado para distinguir os utilizadores.<\/p><\/td><td width=\"191\"><p>Ap\u00f3s 2 anos<\/p><\/td><\/tr><tr><td width=\"191\"><p>_gat<\/p><\/td><td width=\"382\"><p>Utilizado para acelerar a percentagem de pedidos.<\/p><\/td><td width=\"191\"><p>Ap\u00f3s 1 minuto<\/p><\/td><\/tr><tr><td width=\"191\"><p>gat_gtag_UA<\/p><\/td><td width=\"382\"><p>Cont\u00e9m informa\u00e7\u00f5es relacionadas com campanhas para o utilizador. Ao vincular suas contas do Google Analytics e do Google AdWords, as tags de convers\u00e3o de site do Google AdWords analisar\u00e3o esse cookie, a menos que esteja inativo.<\/p><\/td><td width=\"191\"><p>Ap\u00f3s 1 minuto<\/p><\/td><\/tr><tr><td width=\"191\"><p>gid<\/p><\/td><td width=\"382\"><p>Utilizado para distinguir os utilizadores.<\/p><\/td><td width=\"191\"><p>Ap\u00f3s 1 dia<\/p><\/td><\/tr><\/tbody><\/table><ol start=\"2\"><li><p><strong> Aceitar\/recusar cookies<\/strong><br \/>Poder\u00e1 a qualquer momento optar por aceitar ou recusar a instala\u00e7\u00e3o de\u00a0<em>cookies\u00a0<\/em>no seu terminal, configurando o software de navega\u00e7\u00e3o.\u00a0<\/p><p><strong>2.1 Se aceitar cookies<\/strong>\u00a0<br \/>O registo de uma cookie no seu terminal depende da sua vontade. Em qualquer momento, poder\u00e1 exprimir e modificar a sua escolha gratuitamente atrav\u00e9s das op\u00e7\u00f5es disponibilizadas pelo seu software de navega\u00e7\u00e3o.\u00a0<\/p><p>Se no software de navega\u00e7\u00e3o que utiliza tiver aceitado a grava\u00e7\u00e3o de cookies no seu terminal, as cookies integradas nas p\u00e1ginas e conte\u00fados que tiver consultado poder\u00e3o ficar temporariamente armazenadas num espa\u00e7o espec\u00edfico do seu terminal. Nesse local, ser\u00e3o leg\u00edveis apenas pelo emissor das mesmas.\u00a0<\/p><p><strong>2.2 Qual \u00e9 o interesse de aceitar cookies?\u00a0<\/strong><br \/>Quando visitar website <a href=\"http:\/\/www.locama.pt\">www.locama.pt<\/a> estas cookies registar\u00e3o determinadas informa\u00e7\u00f5es que est\u00e3o armazenadas no seu terminal. Estas informa\u00e7\u00f5es servem, nomeadamente, para lhe propor produtos em fun\u00e7\u00e3o dos artigos que j\u00e1 selecionou aquando de suas visitas anteriores, e permitem-lhe assim beneficiar de uma melhor navega\u00e7\u00e3o no nosso Site.\u00a0<\/p><p><strong>2.3 Se recusar\u00a0<em>cookies\u00a0<\/em><\/strong><br \/>Quando recusa\u00a0<em>cookies,<\/em>\u00a0n\u00f3s instalamos, contudo, uma\u00a0<em>cookie<\/em>\u00a0de\u00a0<em>&#8220;recusa<\/em>&#8220;. Esta\u00a0<em>cookie\u00a0<\/em>permite-nos memorizar a sua escolha, de modo a evitar que lhe perguntemos a cada visita se deseja aceitar ou recusar cookies.<\/p><p><strong>2.4 Configura\u00e7\u00e3o do seu navegador<\/strong><br \/>A configura\u00e7\u00e3o da gest\u00e3o das cookies depende de cada navegador e est\u00e1 presente no menu de ajuda do seu navegador.<\/p><p><strong>No Internet Explorer<\/strong><br \/>Para personalizar as defini\u00e7\u00f5es relativas \u00e0s cookies para uma p\u00e1gina web<br \/>No Internet Explorer, clique no bot\u00e3o Ferramentas e depois em Op\u00e7\u00f5es da Internet.<br \/>Clique no separador Privacidade e depois em Sites.<br \/>No espa\u00e7o Endere\u00e7o do Web site, insira o endere\u00e7o completo (URL) da p\u00e1gina web cujas defini\u00e7\u00f5es de privacidade deseja personalizar.\u00a0<br \/>Por exemplo, http:\/\/www.microsoft.com.<br \/>Para autorizar o registo de cookies da p\u00e1gina web especificada no seu computador, clique em Permitir. Para proibir o registo de cookies da p\u00e1gina web especificada no seu computador, clique em Bloquear.<br \/>Repita as etapas 3 e 4 para cada p\u00e1gina web que queira bloquear ou permitir. Quando terminar, clique em OK duas vezes.<\/p><p><strong>No Safari<\/strong><br \/>V\u00e1 a Prefer\u00eancias, clique no painel Privacidade e, de seguida, Gerir as Cookies.<\/p><p><strong>No Chrome<\/strong><br \/>Clique no menu do Chrome que est\u00e1 situado na barra de ferramentas do navegador.<br \/>Selecione Defini\u00e7\u00f5es.<br \/>Clique em Mostrar defini\u00e7\u00f5es avan\u00e7adas.<br \/>Na sec\u00e7\u00e3o &#8220;Privacidade&#8221;, clique no bot\u00e3o Defini\u00e7\u00f5es de conte\u00fado.<br \/>Na sec\u00e7\u00e3o &#8220;Cookies&#8221; poder\u00e1 modificar as defini\u00e7\u00f5es seguintes:<br \/>Eliminar cookies\u00a0<br \/>Bloquear cookies por predefini\u00e7\u00e3o\u00a0<br \/>Permitir cookies por predefini\u00e7\u00e3o<br \/>Criar exce\u00e7\u00f5es para cookies de Websites ou dom\u00ednios espec\u00edficos.<\/p><p><strong>No Firefox<\/strong><br \/>Clique no bot\u00e3o Ferramentas e depois em Op\u00e7\u00f5es.<br \/>Clique no separador Privacidade.<br \/>No Hist\u00f3rico, selecione &#8220;Usar defini\u00e7\u00f5es personalizadas para o hist\u00f3rico.&#8221;.<br \/>Assinalar a quadr\u00edcula &#8220;aceitar cookies&#8221; e clicar em exce\u00e7\u00f5es para escolher os s\u00edtios web que ter\u00e3o ou n\u00e3o ter\u00e3o permiss\u00e3o para instalar cookies no seu terminal.<\/p><p>\u00a0<\/p><\/li><\/ol><p><strong>No Opera<\/strong><br \/>Prefer\u00eancias &gt; Avan\u00e7ado&gt; Cookies\u00a0<br \/>As prefer\u00eancias de cookies permitem-lhe controlar a forma como o Opera gere as cookies. A configura\u00e7\u00e3o por defeito \u00e9 aceitar todas as cookies.<br \/>Aceitar cookies\u00a0<br \/>&#8211; Todas as cookies s\u00e3o aceites (por defeito)<br \/>Aceitar cookies apenas do site que visito\u00a0<br \/>&#8211; As cookies de terceiros, de um dom\u00ednio exterior \u00e0quele que est\u00e1 a visitar, ser\u00e3o recusadas<br \/>Nunca aceitar cookies\u00a0<br \/>&#8211; Todas as cookies ser\u00e3o recusadas<\/p><p><strong>3. Atualiza\u00e7\u00e3o da Notifica\u00e7\u00e3o Legal<\/strong><br \/>A <strong>Locama<\/strong> reserva-se o direito de fazer quaisquer altera\u00e7\u00f5es ou corre\u00e7\u00f5es a esta notifica\u00e7\u00e3o de cookies. Por favor consulte esta p\u00e1gina regularmente de modo a rever a informa\u00e7\u00e3o e verificar se existe alguma atualiza\u00e7\u00e3o.<\/p><p>Esta notifica\u00e7\u00e3o foi atualizada em 01 de Mar\u00e7o de 2022.<\/p>\t\t\t\t\t\t<\/div>\n\t\t\t\t<\/div>\n\t\t\t\t\t<\/div>\n\t\t<\/div>\n\t\t\t\t\t<\/div>\n\t\t<\/section>\n\t\t\t\t<\/div>\n\t\t","protected":false},"excerpt":{"rendered":"<p>Este website utiliza\u00a0cookies\u00a0para melhorar o seu servi\u00e7o. 1. O que s\u00e3o\u00a0cookies?Os\u00a0cookies\u00a0s\u00e3o pequenos ficheiros de texto que um\u00a0website, ao ser visitado pelo utilizador, coloca no seu computador ou no seu dispositivo m\u00f3vel atrav\u00e9s do navegador de internet (browser). A coloca\u00e7\u00e3o de\u00a0cookies\u00a0ajudar\u00e1 o\u00a0site\u00a0a reconhecer o seu dispositivo na pr\u00f3xima vez que o utilizador o visita.\u00a0 Usamos o [&hellip;]<\/p>\n","protected":false},"author":1,"featured_media":0,"parent":0,"menu_order":12,"comment_status":"closed","ping_status":"closed","template":"","meta":{"footnotes":""},"class_list":["post-159","page","type-page","status-publish","hentry"],"acf":[],"yoast_head":"<!-- This site is optimized with the Yoast SEO Premium plugin v20.3 (Yoast SEO v27.3) - https:\/\/yoast.com\/product\/yoast-seo-premium-wordpress\/ -->\n<title>Pol\u00edtica de Cookies - Locama<\/title>\n<meta name=\"robots\" content=\"index, follow, max-snippet:-1, max-image-preview:large, max-video-preview:-1\" \/>\n<link rel=\"canonical\" href=\"https:\/\/locama.pt\/web\/pt\/politica-de-cookies\/\" \/>\n<meta property=\"og:locale\" content=\"pt_PT\" \/>\n<meta property=\"og:type\" content=\"article\" \/>\n<meta property=\"og:title\" content=\"Pol\u00edtica de Cookies\" \/>\n<meta property=\"og:description\" content=\"Este website utiliza\u00a0cookies\u00a0para melhorar o seu servi\u00e7o. 1. O que s\u00e3o\u00a0cookies?Os\u00a0cookies\u00a0s\u00e3o pequenos ficheiros de texto que um\u00a0website, ao ser visitado pelo utilizador, coloca no seu computador ou no seu dispositivo m\u00f3vel atrav\u00e9s do navegador de internet (browser). A coloca\u00e7\u00e3o de\u00a0cookies\u00a0ajudar\u00e1 o\u00a0site\u00a0a reconhecer o seu dispositivo na pr\u00f3xima vez que o utilizador o visita.\u00a0 Usamos o [&hellip;]\" \/>\n<meta property=\"og:url\" content=\"https:\/\/locama.pt\/web\/pt\/politica-de-cookies\/\" \/>\n<meta property=\"og:site_name\" content=\"Locama\" \/>\n<meta property=\"article:modified_time\" content=\"2023-03-21T16:43:49+00:00\" \/>\n<meta name=\"twitter:card\" content=\"summary_large_image\" \/>\n<meta name=\"twitter:label1\" content=\"Tempo estimado de leitura\" \/>\n\t<meta name=\"twitter:data1\" content=\"5 minutos\" \/>\n<script type=\"application\/ld+json\" class=\"yoast-schema-graph\">{\"@context\":\"https:\\\/\\\/schema.org\",\"@graph\":[{\"@type\":\"WebPage\",\"@id\":\"https:\\\/\\\/locama.pt\\\/web\\\/politica-de-cookies\\\/\",\"url\":\"https:\\\/\\\/locama.pt\\\/web\\\/politica-de-cookies\\\/\",\"name\":\"Pol\u00edtica de Cookies - Locama\",\"isPartOf\":{\"@id\":\"https:\\\/\\\/locama.pt\\\/web\\\/#website\"},\"datePublished\":\"2022-05-11T16:30:18+00:00\",\"dateModified\":\"2023-03-21T16:43:49+00:00\",\"breadcrumb\":{\"@id\":\"https:\\\/\\\/locama.pt\\\/web\\\/politica-de-cookies\\\/#breadcrumb\"},\"inLanguage\":\"pt-PT\",\"potentialAction\":[{\"@type\":\"ReadAction\",\"target\":[\"https:\\\/\\\/locama.pt\\\/web\\\/politica-de-cookies\\\/\"]}]},{\"@type\":\"BreadcrumbList\",\"@id\":\"https:\\\/\\\/locama.pt\\\/web\\\/politica-de-cookies\\\/#breadcrumb\",\"itemListElement\":[{\"@type\":\"ListItem\",\"position\":1,\"name\":\"Home\",\"item\":\"https:\\\/\\\/locama.pt\\\/web\\\/\"},{\"@type\":\"ListItem\",\"position\":2,\"name\":\"Pol\u00edtica de Cookies\"}]},{\"@type\":\"WebSite\",\"@id\":\"https:\\\/\\\/locama.pt\\\/web\\\/#website\",\"url\":\"https:\\\/\\\/locama.pt\\\/web\\\/\",\"name\":\"Locama\",\"description\":\"Empresa t\u00eaxtil portuguesa especializada no desenvolvimento e fabrica\u00e7\u00e3o de produtos t\u00eaxteis para o lar.\",\"publisher\":{\"@id\":\"https:\\\/\\\/locama.pt\\\/web\\\/#organization\"},\"potentialAction\":[{\"@type\":\"SearchAction\",\"target\":{\"@type\":\"EntryPoint\",\"urlTemplate\":\"https:\\\/\\\/locama.pt\\\/web\\\/?s={search_term_string}\"},\"query-input\":{\"@type\":\"PropertyValueSpecification\",\"valueRequired\":true,\"valueName\":\"search_term_string\"}}],\"inLanguage\":\"pt-PT\"},{\"@type\":\"Organization\",\"@id\":\"https:\\\/\\\/locama.pt\\\/web\\\/#organization\",\"name\":\"Locama\",\"url\":\"https:\\\/\\\/locama.pt\\\/web\\\/\",\"logo\":{\"@type\":\"ImageObject\",\"inLanguage\":\"pt-PT\",\"@id\":\"https:\\\/\\\/locama.pt\\\/web\\\/#\\\/schema\\\/logo\\\/image\\\/\",\"url\":\"https:\\\/\\\/i0.wp.com\\\/locama.pt\\\/web\\\/wp-content\\\/uploads\\\/2022\\\/05\\\/locama-logo_preto.png?fit=370%2C207&ssl=1\",\"contentUrl\":\"https:\\\/\\\/i0.wp.com\\\/locama.pt\\\/web\\\/wp-content\\\/uploads\\\/2022\\\/05\\\/locama-logo_preto.png?fit=370%2C207&ssl=1\",\"width\":370,\"height\":207,\"caption\":\"Locama\"},\"image\":{\"@id\":\"https:\\\/\\\/locama.pt\\\/web\\\/#\\\/schema\\\/logo\\\/image\\\/\"}}]}<\/script>\n<!-- \/ Yoast SEO Premium plugin. -->","yoast_head_json":{"title":"Pol\u00edtica de Cookies - Locama","robots":{"index":"index","follow":"follow","max-snippet":"max-snippet:-1","max-image-preview":"max-image-preview:large","max-video-preview":"max-video-preview:-1"},"canonical":"https:\/\/locama.pt\/web\/pt\/politica-de-cookies\/","og_locale":"pt_PT","og_type":"article","og_title":"Pol\u00edtica de Cookies","og_description":"Este website utiliza\u00a0cookies\u00a0para melhorar o seu servi\u00e7o. 1. O que s\u00e3o\u00a0cookies?Os\u00a0cookies\u00a0s\u00e3o pequenos ficheiros de texto que um\u00a0website, ao ser visitado pelo utilizador, coloca no seu computador ou no seu dispositivo m\u00f3vel atrav\u00e9s do navegador de internet (browser). A coloca\u00e7\u00e3o de\u00a0cookies\u00a0ajudar\u00e1 o\u00a0site\u00a0a reconhecer o seu dispositivo na pr\u00f3xima vez que o utilizador o visita.\u00a0 Usamos o [&hellip;]","og_url":"https:\/\/locama.pt\/web\/pt\/politica-de-cookies\/","og_site_name":"Locama","article_modified_time":"2023-03-21T16:43:49+00:00","twitter_card":"summary_large_image","twitter_misc":{"Tempo estimado de leitura":"5 minutos"},"schema":{"@context":"https:\/\/schema.org","@graph":[{"@type":"WebPage","@id":"https:\/\/locama.pt\/web\/politica-de-cookies\/","url":"https:\/\/locama.pt\/web\/politica-de-cookies\/","name":"Pol\u00edtica de Cookies - Locama","isPartOf":{"@id":"https:\/\/locama.pt\/web\/#website"},"datePublished":"2022-05-11T16:30:18+00:00","dateModified":"2023-03-21T16:43:49+00:00","breadcrumb":{"@id":"https:\/\/locama.pt\/web\/politica-de-cookies\/#breadcrumb"},"inLanguage":"pt-PT","potentialAction":[{"@type":"ReadAction","target":["https:\/\/locama.pt\/web\/politica-de-cookies\/"]}]},{"@type":"BreadcrumbList","@id":"https:\/\/locama.pt\/web\/politica-de-cookies\/#breadcrumb","itemListElement":[{"@type":"ListItem","position":1,"name":"Home","item":"https:\/\/locama.pt\/web\/"},{"@type":"ListItem","position":2,"name":"Pol\u00edtica de Cookies"}]},{"@type":"WebSite","@id":"https:\/\/locama.pt\/web\/#website","url":"https:\/\/locama.pt\/web\/","name":"Locama","description":"Empresa t\u00eaxtil portuguesa especializada no desenvolvimento e fabrica\u00e7\u00e3o de produtos t\u00eaxteis para o lar.","publisher":{"@id":"https:\/\/locama.pt\/web\/#organization"},"potentialAction":[{"@type":"SearchAction","target":{"@type":"EntryPoint","urlTemplate":"https:\/\/locama.pt\/web\/?s={search_term_string}"},"query-input":{"@type":"PropertyValueSpecification","valueRequired":true,"valueName":"search_term_string"}}],"inLanguage":"pt-PT"},{"@type":"Organization","@id":"https:\/\/locama.pt\/web\/#organization","name":"Locama","url":"https:\/\/locama.pt\/web\/","logo":{"@type":"ImageObject","inLanguage":"pt-PT","@id":"https:\/\/locama.pt\/web\/#\/schema\/logo\/image\/","url":"https:\/\/i0.wp.com\/locama.pt\/web\/wp-content\/uploads\/2022\/05\/locama-logo_preto.png?fit=370%2C207&ssl=1","contentUrl":"https:\/\/i0.wp.com\/locama.pt\/web\/wp-content\/uploads\/2022\/05\/locama-logo_preto.png?fit=370%2C207&ssl=1","width":370,"height":207,"caption":"Locama"},"image":{"@id":"https:\/\/locama.pt\/web\/#\/schema\/logo\/image\/"}}]}},"_links":{"self":[{"href":"https:\/\/locama.pt\/web\/pt\/wp-json\/wp\/v2\/pages\/159","targetHints":{"allow":["GET"]}}],"collection":[{"href":"https:\/\/locama.pt\/web\/pt\/wp-json\/wp\/v2\/pages"}],"about":[{"href":"https:\/\/locama.pt\/web\/pt\/wp-json\/wp\/v2\/types\/page"}],"author":[{"embeddable":true,"href":"https:\/\/locama.pt\/web\/pt\/wp-json\/wp\/v2\/users\/1"}],"replies":[{"embeddable":true,"href":"https:\/\/locama.pt\/web\/pt\/wp-json\/wp\/v2\/comments?post=159"}],"version-history":[{"count":0,"href":"https:\/\/locama.pt\/web\/pt\/wp-json\/wp\/v2\/pages\/159\/revisions"}],"wp:attachment":[{"href":"https:\/\/locama.pt\/web\/pt\/wp-json\/wp\/v2\/media?parent=159"}],"curies":[{"name":"wp","href":"https:\/\/api.w.org\/{rel}","templated":true}]}}