{"id":2364,"date":"2022-10-19T15:43:58","date_gmt":"2022-10-19T14:43:58","guid":{"rendered":"https:\/\/locama.pt\/web\/?page_id=2364"},"modified":"2023-03-21T16:43:19","modified_gmt":"2023-03-21T16:43:19","slug":"solicitar-acesso","status":"publish","type":"page","link":"https:\/\/locama.pt\/web\/en\/solicitar-acesso\/","title":{"rendered":"Request Access"},"content":{"rendered":"\t\t<div data-elementor-type=\"wp-page\" data-elementor-id=\"2364\" class=\"elementor elementor-2364\" data-elementor-post-type=\"page\">\n\t\t\t\t\t\t<section data-particle_enable=\"false\" data-particle-mobile-disabled=\"false\" class=\"elementor-section elementor-top-section elementor-element elementor-element-fb078bc elementor-section-boxed elementor-section-height-default elementor-section-height-default\" data-id=\"fb078bc\" data-element_type=\"section\" id=\"contact-us\" data-settings=\"{&quot;background_background&quot;:&quot;classic&quot;}\">\n\t\t\t\t\t\t\t<div class=\"elementor-background-overlay\"><\/div>\n\t\t\t\t\t\t\t<div class=\"elementor-container elementor-column-gap-default\">\n\t\t\t\t\t<div class=\"elementor-column elementor-col-100 elementor-top-column elementor-element elementor-element-18f847fa\" data-id=\"18f847fa\" data-element_type=\"column\" data-settings=\"{&quot;background_background&quot;:&quot;classic&quot;}\">\n\t\t\t<div class=\"elementor-widget-wrap elementor-element-populated\">\n\t\t\t\t\t\t<section data-particle_enable=\"false\" data-particle-mobile-disabled=\"false\" class=\"elementor-section elementor-inner-section elementor-element elementor-element-7a9ebb7 elementor-section-boxed elementor-section-height-default elementor-section-height-default\" data-id=\"7a9ebb7\" data-element_type=\"section\">\n\t\t\t\t\t\t<div class=\"elementor-container elementor-column-gap-default\">\n\t\t\t\t\t<div class=\"elementor-column elementor-col-100 elementor-inner-column elementor-element elementor-element-fb3e5c2\" data-id=\"fb3e5c2\" data-element_type=\"column\">\n\t\t\t<div class=\"elementor-widget-wrap elementor-element-populated\">\n\t\t\t\t\t\t<div class=\"elementor-element elementor-element-93a7797 elementor-widget elementor-widget-heading\" data-id=\"93a7797\" data-element_type=\"widget\" data-widget_type=\"heading.default\">\n\t\t\t\t<div class=\"elementor-widget-container\">\n\t\t\t<h2 class=\"elementor-heading-title elementor-size-default\">Solicitar Acesso<\/h2>\t\t<\/div>\n\t\t\t\t<\/div>\n\t\t\t\t<div class=\"elementor-element elementor-element-5d8e602 elementor-widget elementor-widget-heading\" data-id=\"5d8e602\" data-element_type=\"widget\" data-widget_type=\"heading.default\">\n\t\t\t\t<div class=\"elementor-widget-container\">\n\t\t\t<h2 class=\"elementor-heading-title elementor-size-default\">Solicitar Acesso<\/h2>\t\t<\/div>\n\t\t\t\t<\/div>\n\t\t\t\t<div class=\"elementor-element elementor-element-3dbc740 elementor-widget elementor-widget-heading\" data-id=\"3dbc740\" data-element_type=\"widget\" data-widget_type=\"heading.default\">\n\t\t\t\t<div class=\"elementor-widget-container\">\n\t\t\t<h2 class=\"elementor-heading-title elementor-size-default\">Preencha o formul\u00e1rio<\/h2>\t\t<\/div>\n\t\t\t\t<\/div>\n\t\t\t\t\t<\/div>\n\t\t<\/div>\n\t\t\t\t\t<\/div>\n\t\t<\/section>\n\t\t\t\t<section data-particle_enable=\"false\" data-particle-mobile-disabled=\"false\" class=\"elementor-section elementor-inner-section elementor-element elementor-element-4634f17 elementor-section-boxed elementor-section-height-default elementor-section-height-default\" data-id=\"4634f17\" data-element_type=\"section\">\n\t\t\t\t\t\t<div class=\"elementor-container elementor-column-gap-default\">\n\t\t\t\t\t<div class=\"elementor-column elementor-col-16 elementor-inner-column elementor-element elementor-element-088c790\" data-id=\"088c790\" data-element_type=\"column\">\n\t\t\t<div class=\"elementor-widget-wrap\">\n\t\t\t\t\t\t\t<\/div>\n\t\t<\/div>\n\t\t\t\t<div class=\"elementor-column elementor-col-66 elementor-inner-column elementor-element elementor-element-74e84f3\" data-id=\"74e84f3\" data-element_type=\"column\">\n\t\t\t<div class=\"elementor-widget-wrap elementor-element-populated\">\n\t\t\t\t\t\t<div class=\"elementor-element elementor-element-2d50ce9 eael-wpforms-form-button-custom elementor-widget elementor-widget-eael-wpforms\" data-id=\"2d50ce9\" data-element_type=\"widget\" data-widget_type=\"eael-wpforms.default\">\n\t\t\t\t<div class=\"elementor-widget-container\">\n\t\t\t            <div class=\"eael-contact-form eael-wpforms eael-custom-radio-checkbox eael-wpforms-align-center\">\n                                <div class=\"wpforms-container wpforms-container-full\" id=\"wpforms-329\"><form id=\"wpforms-form-329\" class=\"wpforms-validate wpforms-form wpforms-ajax-form\" data-formid=\"329\" method=\"post\" enctype=\"multipart\/form-data\" action=\"\/web\/en\/wp-json\/wp\/v2\/pages\/2364\" data-token=\"d2484069ab181dd7d893c163cd2de125\"><noscript class=\"wpforms-error-noscript\">Please enable JavaScript in your browser to complete this form.<\/noscript><div class=\"wpforms-field-container\"><div id=\"wpforms-329-field_0-container\" class=\"wpforms-field wpforms-field-name\" data-field-id=\"0\"><label class=\"wpforms-field-label wpforms-label-hide\" for=\"wpforms-329-field_0\">Nome <span class=\"wpforms-required-label\">*<\/span><\/label><input type=\"text\" id=\"wpforms-329-field_0\" class=\"wpforms-field-large wpforms-field-required\" name=\"wpforms[fields][0]\" placeholder=\"Nome *\" required><\/div><div id=\"wpforms-329-field_4-container\" class=\"wpforms-field wpforms-field-text\" data-field-id=\"4\"><label class=\"wpforms-field-label wpforms-label-hide\" for=\"wpforms-329-field_4\">Empresa <span class=\"wpforms-required-label\">*<\/span><\/label><input type=\"text\" id=\"wpforms-329-field_4\" class=\"wpforms-field-large wpforms-field-required\" name=\"wpforms[fields][4]\" placeholder=\"Empresa *\" required><\/div><div id=\"wpforms-329-field_1-container\" class=\"wpforms-field wpforms-field-email wpforms-one-half wpforms-first\" data-field-id=\"1\"><label class=\"wpforms-field-label wpforms-label-hide\" for=\"wpforms-329-field_1\">E-mail <span class=\"wpforms-required-label\">*<\/span><\/label><input type=\"email\" id=\"wpforms-329-field_1\" class=\"wpforms-field-large wpforms-field-required\" name=\"wpforms[fields][1]\" placeholder=\"E-mail *\" spellcheck=\"false\" required><\/div><div id=\"wpforms-329-field_2-container\" class=\"wpforms-field wpforms-field-phone wpforms-one-half\" data-field-id=\"2\"><label class=\"wpforms-field-label wpforms-label-hide\" for=\"wpforms-329-field_2\">Contacto<\/label><input type=\"tel\" id=\"wpforms-329-field_2\" class=\"wpforms-field-large wpforms-smart-phone-field\" data-rule-smart-phone-field=\"true\" name=\"wpforms[fields][2]\" placeholder=\"Contacto\" ><\/div><div id=\"wpforms-329-field_7-container\" class=\"wpforms-field wpforms-field-checkbox wpforms-list-inline\" data-field-id=\"7\"><label class=\"wpforms-field-label wpforms-label-hide\" for=\"wpforms-329-field_7\">Aceita\u00e7\u00e3o <span class=\"wpforms-required-label\">*<\/span><\/label><ul id=\"wpforms-329-field_7\" class=\"wpforms-field-required\"><li class=\"choice-1 depth-1\"><input type=\"checkbox\" id=\"wpforms-329-field_7_1\" name=\"wpforms[fields][7][]\" value=\" * Confirmo que autorizo a utiliza\u00e7\u00e3o dos dados enviados, de acordo com a Pol\u00edtica de Privacidade \" required ><label class=\"wpforms-field-label-inline\" for=\"wpforms-329-field_7_1\"> * Confirmo que autorizo a utiliza\u00e7\u00e3o dos dados enviados, de acordo com a Pol\u00edtica de Privacidade <\/label><\/li><\/ul><\/div><div id=\"wpforms-329-field_8-container\" class=\"wpforms-field wpforms-field-html\" data-field-id=\"8\"><div id=\"wpforms-329-field_8\">Os campos marcados com * s\u00e3o de preenchimento obrigat\u00f3rio.<\/div><\/div><\/div><!-- .wpforms-field-container --><input type=\"hidden\" name=\"wpforms[recaptcha]\" value=\"\"><div class=\"wpforms-submit-container\" ><input type=\"hidden\" name=\"wpforms[id]\" value=\"329\"><input type=\"hidden\" name=\"wpforms[author]\" value=\"1\"><button type=\"submit\" name=\"wpforms[submit]\" id=\"wpforms-submit-329\" class=\"wpforms-submit\" data-alt-text=\"A enviar...\" data-submit-text=\"Enviar\" aria-live=\"assertive\" value=\"wpforms-submit\">Enviar<\/button><img decoding=\"async\" src=\"https:\/\/locama.pt\/web\/wp-content\/plugins\/wpforms\/assets\/images\/submit-spin.svg\" class=\"wpforms-submit-spinner\" style=\"display: none;\" width=\"26\" height=\"26\" alt=\"Loading\"><\/div><\/form><\/div>  <!-- .wpforms-container -->            <\/div>\n\t\t<\/div>\n\t\t\t\t<\/div>\n\t\t\t\t\t<\/div>\n\t\t<\/div>\n\t\t\t\t<div class=\"elementor-column elementor-col-16 elementor-inner-column elementor-element elementor-element-3cc5418\" data-id=\"3cc5418\" data-element_type=\"column\">\n\t\t\t<div class=\"elementor-widget-wrap\">\n\t\t\t\t\t\t\t<\/div>\n\t\t<\/div>\n\t\t\t\t\t<\/div>\n\t\t<\/section>\n\t\t\t\t<div class=\"elementor-element elementor-element-1292d09 elementor-widget__width-inherit elementor-widget elementor-widget-image\" data-id=\"1292d09\" data-element_type=\"widget\" data-widget_type=\"image.default\">\n\t\t\t\t<div class=\"elementor-widget-container\">\n\t\t\t\t\t\t\t\t\t\t\t\t\t<img decoding=\"async\" src=\"https:\/\/locama.pt\/web\/wp-content\/uploads\/2023\/01\/Imagem-Virtual-Show-Room.jpg\" title=\"Imagem &#8211; Virtual Show Room\" alt=\"Imagem - Virtual Show Room\" loading=\"lazy\" \/>\t\t\t\t\t\t\t\t\t\t\t\t\t<\/div>\n\t\t\t\t<\/div>\n\t\t\t\t\t<\/div>\n\t\t<\/div>\n\t\t\t\t\t<\/div>\n\t\t<\/section>\n\t\t\t\t<\/div>\n\t\t","protected":false},"excerpt":{"rendered":"<p>Solicitar Acesso Solicitar Acesso Preencha o formul\u00e1rio Please enable JavaScript in your browser to complete this form.Nome *Empresa *E-mail *ContactoAceita\u00e7\u00e3o * * Confirmo que autorizo a utiliza\u00e7\u00e3o dos dados enviados, de acordo com a Pol\u00edtica de Privacidade Os campos marcados com * s\u00e3o de preenchimento obrigat\u00f3rio. Enviar<\/p>","protected":false},"author":1,"featured_media":0,"parent":0,"menu_order":9,"comment_status":"closed","ping_status":"closed","template":"","meta":{"footnotes":""},"class_list":["post-2364","page","type-page","status-publish","hentry"],"acf":[],"yoast_head":"<!-- This site is optimized with the Yoast SEO Premium plugin v20.3 (Yoast SEO v27.4) - https:\/\/yoast.com\/product\/yoast-seo-premium-wordpress\/ -->\n<title>Solicitar Acesso - Locama<\/title>\n<meta name=\"robots\" content=\"index, follow, max-snippet:-1, max-image-preview:large, max-video-preview:-1\" \/>\n<link rel=\"canonical\" href=\"https:\/\/locama.pt\/web\/en\/solicitar-acesso\/\" \/>\n<meta property=\"og:locale\" content=\"en_GB\" \/>\n<meta property=\"og:type\" content=\"article\" \/>\n<meta property=\"og:title\" content=\"Solicitar Acesso\" \/>\n<meta property=\"og:description\" content=\"Solicitar Acesso Solicitar Acesso Preencha o formul\u00e1rio Please enable JavaScript in your browser to complete this form.Nome *Empresa *E-mail *ContactoAceita\u00e7\u00e3o * * Confirmo que autorizo a utiliza\u00e7\u00e3o dos dados enviados, de acordo com a Pol\u00edtica de Privacidade Os campos marcados com * s\u00e3o de preenchimento obrigat\u00f3rio. Enviar\" \/>\n<meta property=\"og:url\" content=\"https:\/\/locama.pt\/web\/en\/solicitar-acesso\/\" \/>\n<meta property=\"og:site_name\" content=\"Locama\" \/>\n<meta property=\"article:modified_time\" content=\"2023-03-21T16:43:19+00:00\" \/>\n<meta property=\"og:image\" content=\"https:\/\/locama.pt\/web\/wp-content\/plugins\/wpforms\/assets\/images\/submit-spin.svg\" \/>\n<meta name=\"twitter:card\" content=\"summary_large_image\" \/>\n<meta name=\"twitter:label1\" content=\"Estimated reading time\" \/>\n\t<meta name=\"twitter:data1\" content=\"1 minute\" \/>\n<script type=\"application\/ld+json\" class=\"yoast-schema-graph\">{\"@context\":\"https:\\\/\\\/schema.org\",\"@graph\":[{\"@type\":\"WebPage\",\"@id\":\"https:\\\/\\\/locama.pt\\\/web\\\/solicitar-acesso\\\/\",\"url\":\"https:\\\/\\\/locama.pt\\\/web\\\/solicitar-acesso\\\/\",\"name\":\"Solicitar Acesso - Locama\",\"isPartOf\":{\"@id\":\"https:\\\/\\\/locama.pt\\\/web\\\/#website\"},\"primaryImageOfPage\":{\"@id\":\"https:\\\/\\\/locama.pt\\\/web\\\/solicitar-acesso\\\/#primaryimage\"},\"image\":{\"@id\":\"https:\\\/\\\/locama.pt\\\/web\\\/solicitar-acesso\\\/#primaryimage\"},\"thumbnailUrl\":\"https:\\\/\\\/locama.pt\\\/web\\\/wp-content\\\/plugins\\\/wpforms\\\/assets\\\/images\\\/submit-spin.svg\",\"datePublished\":\"2022-10-19T14:43:58+00:00\",\"dateModified\":\"2023-03-21T16:43:19+00:00\",\"breadcrumb\":{\"@id\":\"https:\\\/\\\/locama.pt\\\/web\\\/solicitar-acesso\\\/#breadcrumb\"},\"inLanguage\":\"en-GB\",\"potentialAction\":[{\"@type\":\"ReadAction\",\"target\":[\"https:\\\/\\\/locama.pt\\\/web\\\/solicitar-acesso\\\/\"]}]},{\"@type\":\"ImageObject\",\"inLanguage\":\"en-GB\",\"@id\":\"https:\\\/\\\/locama.pt\\\/web\\\/solicitar-acesso\\\/#primaryimage\",\"url\":\"https:\\\/\\\/locama.pt\\\/web\\\/wp-content\\\/plugins\\\/wpforms\\\/assets\\\/images\\\/submit-spin.svg\",\"contentUrl\":\"https:\\\/\\\/locama.pt\\\/web\\\/wp-content\\\/plugins\\\/wpforms\\\/assets\\\/images\\\/submit-spin.svg\"},{\"@type\":\"BreadcrumbList\",\"@id\":\"https:\\\/\\\/locama.pt\\\/web\\\/solicitar-acesso\\\/#breadcrumb\",\"itemListElement\":[{\"@type\":\"ListItem\",\"position\":1,\"name\":\"Home\",\"item\":\"https:\\\/\\\/locama.pt\\\/web\\\/\"},{\"@type\":\"ListItem\",\"position\":2,\"name\":\"Solicitar Acesso\"}]},{\"@type\":\"WebSite\",\"@id\":\"https:\\\/\\\/locama.pt\\\/web\\\/#website\",\"url\":\"https:\\\/\\\/locama.pt\\\/web\\\/\",\"name\":\"Locama\",\"description\":\"Empresa t\u00eaxtil portuguesa especializada no desenvolvimento e fabrica\u00e7\u00e3o de produtos t\u00eaxteis para o lar.\",\"publisher\":{\"@id\":\"https:\\\/\\\/locama.pt\\\/web\\\/#organization\"},\"potentialAction\":[{\"@type\":\"SearchAction\",\"target\":{\"@type\":\"EntryPoint\",\"urlTemplate\":\"https:\\\/\\\/locama.pt\\\/web\\\/?s={search_term_string}\"},\"query-input\":{\"@type\":\"PropertyValueSpecification\",\"valueRequired\":true,\"valueName\":\"search_term_string\"}}],\"inLanguage\":\"en-GB\"},{\"@type\":\"Organization\",\"@id\":\"https:\\\/\\\/locama.pt\\\/web\\\/#organization\",\"name\":\"Locama\",\"url\":\"https:\\\/\\\/locama.pt\\\/web\\\/\",\"logo\":{\"@type\":\"ImageObject\",\"inLanguage\":\"en-GB\",\"@id\":\"https:\\\/\\\/locama.pt\\\/web\\\/#\\\/schema\\\/logo\\\/image\\\/\",\"url\":\"https:\\\/\\\/i0.wp.com\\\/locama.pt\\\/web\\\/wp-content\\\/uploads\\\/2022\\\/05\\\/locama-logo_preto.png?fit=370%2C207&ssl=1\",\"contentUrl\":\"https:\\\/\\\/i0.wp.com\\\/locama.pt\\\/web\\\/wp-content\\\/uploads\\\/2022\\\/05\\\/locama-logo_preto.png?fit=370%2C207&ssl=1\",\"width\":370,\"height\":207,\"caption\":\"Locama\"},\"image\":{\"@id\":\"https:\\\/\\\/locama.pt\\\/web\\\/#\\\/schema\\\/logo\\\/image\\\/\"}}]}<\/script>\n<!-- \/ Yoast SEO Premium plugin. -->","yoast_head_json":{"title":"Solicitar Acesso - Locama","robots":{"index":"index","follow":"follow","max-snippet":"max-snippet:-1","max-image-preview":"max-image-preview:large","max-video-preview":"max-video-preview:-1"},"canonical":"https:\/\/locama.pt\/web\/en\/solicitar-acesso\/","og_locale":"en_GB","og_type":"article","og_title":"Solicitar Acesso","og_description":"Solicitar Acesso Solicitar Acesso Preencha o formul\u00e1rio Please enable JavaScript in your browser to complete this form.Nome *Empresa *E-mail *ContactoAceita\u00e7\u00e3o * * Confirmo que autorizo a utiliza\u00e7\u00e3o dos dados enviados, de acordo com a Pol\u00edtica de Privacidade Os campos marcados com * s\u00e3o de preenchimento obrigat\u00f3rio. Enviar","og_url":"https:\/\/locama.pt\/web\/en\/solicitar-acesso\/","og_site_name":"Locama","article_modified_time":"2023-03-21T16:43:19+00:00","og_image":[{"url":"https:\/\/locama.pt\/web\/wp-content\/plugins\/wpforms\/assets\/images\/submit-spin.svg","type":"","width":"","height":""}],"twitter_card":"summary_large_image","twitter_misc":{"Estimated reading time":"1 minute"},"schema":{"@context":"https:\/\/schema.org","@graph":[{"@type":"WebPage","@id":"https:\/\/locama.pt\/web\/solicitar-acesso\/","url":"https:\/\/locama.pt\/web\/solicitar-acesso\/","name":"Solicitar Acesso - Locama","isPartOf":{"@id":"https:\/\/locama.pt\/web\/#website"},"primaryImageOfPage":{"@id":"https:\/\/locama.pt\/web\/solicitar-acesso\/#primaryimage"},"image":{"@id":"https:\/\/locama.pt\/web\/solicitar-acesso\/#primaryimage"},"thumbnailUrl":"https:\/\/locama.pt\/web\/wp-content\/plugins\/wpforms\/assets\/images\/submit-spin.svg","datePublished":"2022-10-19T14:43:58+00:00","dateModified":"2023-03-21T16:43:19+00:00","breadcrumb":{"@id":"https:\/\/locama.pt\/web\/solicitar-acesso\/#breadcrumb"},"inLanguage":"en-GB","potentialAction":[{"@type":"ReadAction","target":["https:\/\/locama.pt\/web\/solicitar-acesso\/"]}]},{"@type":"ImageObject","inLanguage":"en-GB","@id":"https:\/\/locama.pt\/web\/solicitar-acesso\/#primaryimage","url":"https:\/\/locama.pt\/web\/wp-content\/plugins\/wpforms\/assets\/images\/submit-spin.svg","contentUrl":"https:\/\/locama.pt\/web\/wp-content\/plugins\/wpforms\/assets\/images\/submit-spin.svg"},{"@type":"BreadcrumbList","@id":"https:\/\/locama.pt\/web\/solicitar-acesso\/#breadcrumb","itemListElement":[{"@type":"ListItem","position":1,"name":"Home","item":"https:\/\/locama.pt\/web\/"},{"@type":"ListItem","position":2,"name":"Solicitar Acesso"}]},{"@type":"WebSite","@id":"https:\/\/locama.pt\/web\/#website","url":"https:\/\/locama.pt\/web\/","name":"Locama","description":"Portuguese textile company specializing in the development and manufacture of textile products for the home.","publisher":{"@id":"https:\/\/locama.pt\/web\/#organization"},"potentialAction":[{"@type":"SearchAction","target":{"@type":"EntryPoint","urlTemplate":"https:\/\/locama.pt\/web\/?s={search_term_string}"},"query-input":{"@type":"PropertyValueSpecification","valueRequired":true,"valueName":"search_term_string"}}],"inLanguage":"en-GB"},{"@type":"Organization","@id":"https:\/\/locama.pt\/web\/#organization","name":"Locama","url":"https:\/\/locama.pt\/web\/","logo":{"@type":"ImageObject","inLanguage":"en-GB","@id":"https:\/\/locama.pt\/web\/#\/schema\/logo\/image\/","url":"https:\/\/i0.wp.com\/locama.pt\/web\/wp-content\/uploads\/2022\/05\/locama-logo_preto.png?fit=370%2C207&ssl=1","contentUrl":"https:\/\/i0.wp.com\/locama.pt\/web\/wp-content\/uploads\/2022\/05\/locama-logo_preto.png?fit=370%2C207&ssl=1","width":370,"height":207,"caption":"Locama"},"image":{"@id":"https:\/\/locama.pt\/web\/#\/schema\/logo\/image\/"}}]}},"_links":{"self":[{"href":"https:\/\/locama.pt\/web\/en\/wp-json\/wp\/v2\/pages\/2364","targetHints":{"allow":["GET"]}}],"collection":[{"href":"https:\/\/locama.pt\/web\/en\/wp-json\/wp\/v2\/pages"}],"about":[{"href":"https:\/\/locama.pt\/web\/en\/wp-json\/wp\/v2\/types\/page"}],"author":[{"embeddable":true,"href":"https:\/\/locama.pt\/web\/en\/wp-json\/wp\/v2\/users\/1"}],"replies":[{"embeddable":true,"href":"https:\/\/locama.pt\/web\/en\/wp-json\/wp\/v2\/comments?post=2364"}],"version-history":[{"count":0,"href":"https:\/\/locama.pt\/web\/en\/wp-json\/wp\/v2\/pages\/2364\/revisions"}],"wp:attachment":[{"href":"https:\/\/locama.pt\/web\/en\/wp-json\/wp\/v2\/media?parent=2364"}],"curies":[{"name":"wp","href":"https:\/\/api.w.org\/{rel}","templated":true}]}}