{"id":161,"date":"2022-05-11T17:30:49","date_gmt":"2022-05-11T16:30:49","guid":{"rendered":"https:\/\/locama.pt\/web\/?page_id=161"},"modified":"2023-03-21T16:44:03","modified_gmt":"2023-03-21T16:44:03","slug":"aviso-legal","status":"publish","type":"page","link":"https:\/\/locama.pt\/web\/en\/aviso-legal\/","title":{"rendered":"Legal Notice"},"content":{"rendered":"<div data-elementor-type=\"wp-page\" data-elementor-id=\"161\" class=\"elementor elementor-161\" data-elementor-post-type=\"page\">\n\t\t\t\t\t\t<section data-particle_enable=\"false\" data-particle-mobile-disabled=\"false\" class=\"elementor-section elementor-top-section elementor-element elementor-element-ef7e578 elementor-section-boxed elementor-section-height-default elementor-section-height-default\" data-id=\"ef7e578\" data-element_type=\"section\">\n\t\t\t\t\t\t<div class=\"elementor-container elementor-column-gap-default\">\n\t\t\t\t\t<div class=\"elementor-column elementor-col-100 elementor-top-column elementor-element elementor-element-0e455ef\" data-id=\"0e455ef\" data-element_type=\"column\">\n\t\t\t<div class=\"elementor-widget-wrap elementor-element-populated\">\n\t\t\t\t\t\t<div class=\"elementor-element elementor-element-5ef88e8 elementor-widget elementor-widget-heading\" data-id=\"5ef88e8\" data-element_type=\"widget\" data-widget_type=\"heading.default\">\n\t\t\t\t<div class=\"elementor-widget-container\">\n\t\t\t<h2 class=\"elementor-heading-title elementor-size-default\">Legal Notice<\/h2>\t\t<\/div>\n\t\t\t\t<\/div>\n\t\t\t\t<div class=\"elementor-element elementor-element-d7efad4 elementor-widget elementor-widget-text-editor\" data-id=\"d7efad4\" data-element_type=\"widget\" data-widget_type=\"text-editor.default\">\n\t\t\t\t<div class=\"elementor-widget-container\">\n\t\t\t\t\t\t\t<p class=\"translation-block\">By accessing and consulting this site you agree without restriction to the following conditions of use:<br><br>All content on this website is owned or controlled by the company <strong>Locama Home Textiles<\/strong> and is protected by international copyright laws. You may download the content for personal use for non-commercial purposes only, but modification or further reproduction of the content is not permitted. Otherwise, the content may not be copied or used in any way.<br><br>The owners of this website will use reasonable efforts to include up-to-date and accurate information on this website, but make no representations, warranties or assurances as to the accuracy, acceptability, or completeness of the information provided.<br><br>The owners of this website shall not be liable for any damages or injury resulting from your access to, or inability to access, this website, or from your reliance on any information provided on this website.<br><br>This website may present links or references to other websites, but the owners of this website have no responsibility for the content of Third Party websites and cannot be held liable for any damage or loss arising from such content. Any links to other sites are presented merely as a convenience to the users of this website. Any personally identifiable information in electronic communications to this site is regulated by the <strong>Privacy Policy<\/strong> of the same.<br><br>The owners of this site shall be free to use or copy all other information in such communications, including any ideas, inventions, concepts, techniques or know-how disclosed therein, for any purpose. Such purposes may include disclosure to third parties and\/or the development, manufacture and\/or marketing of goods and services.<br><br>The sender of any communications to this website or otherwise to the owners of this website shall be responsible for the content and information contained therein, including its authenticity and accuracy.<br><br>The content of this site is intended to be a service to its visitors.<br><br>At any time the owner shall be free to amend this site without notice.<\/p>\t\t\t\t\t\t<\/div>\n\t\t\t\t<\/div>\n\t\t\t\t\t<\/div>\n\t\t<\/div>\n\t\t\t\t\t<\/div>\n\t\t<\/section>\n\t\t\t\t<\/div>","protected":false},"excerpt":{"rendered":"<p>Ao aceder e consultar este site concorda sem restri\u00e7\u00f5es com as seguintes condi\u00e7\u00f5es de uso: Todo o conte\u00fado deste site da Internet \u00e9 propriedade ou \u00e9 controlado pela empresa Locama Home Textiles e est\u00e1 protegido pelas leis internacionais do copyright. Pode fazer download do conte\u00fado apenas para uso pessoal para fins n\u00e3o comerciais, mas n\u00e3o [&hellip;]<\/p>\n","protected":false},"author":1,"featured_media":0,"parent":0,"menu_order":13,"comment_status":"closed","ping_status":"closed","template":"","meta":{"footnotes":""},"class_list":["post-161","page","type-page","status-publish","hentry"],"acf":[],"yoast_head":"<!-- This site is optimized with the Yoast SEO Premium plugin v20.3 (Yoast SEO v27.4) - https:\/\/yoast.com\/product\/yoast-seo-premium-wordpress\/ -->\n<title>Aviso Legal - Locama<\/title>\n<meta name=\"robots\" content=\"index, follow, max-snippet:-1, max-image-preview:large, max-video-preview:-1\" \/>\n<link rel=\"canonical\" href=\"https:\/\/locama.pt\/web\/en\/aviso-legal\/\" \/>\n<meta property=\"og:locale\" content=\"en_GB\" \/>\n<meta property=\"og:type\" content=\"article\" \/>\n<meta property=\"og:title\" content=\"Aviso Legal\" \/>\n<meta property=\"og:description\" content=\"Ao aceder e consultar este site concorda sem restri\u00e7\u00f5es com as seguintes condi\u00e7\u00f5es de uso: Todo o conte\u00fado deste site da Internet \u00e9 propriedade ou \u00e9 controlado pela empresa Locama Home Textiles e est\u00e1 protegido pelas leis internacionais do copyright. Pode fazer download do conte\u00fado apenas para uso pessoal para fins n\u00e3o comerciais, mas n\u00e3o [&hellip;]\" \/>\n<meta property=\"og:url\" content=\"https:\/\/locama.pt\/web\/en\/aviso-legal\/\" \/>\n<meta property=\"og:site_name\" content=\"Locama\" \/>\n<meta property=\"article:modified_time\" content=\"2023-03-21T16:44:03+00:00\" \/>\n<meta name=\"twitter:card\" content=\"summary_large_image\" \/>\n<meta name=\"twitter:label1\" content=\"Estimated reading time\" \/>\n\t<meta name=\"twitter:data1\" content=\"2 minutes\" \/>\n<script type=\"application\/ld+json\" class=\"yoast-schema-graph\">{\"@context\":\"https:\\\/\\\/schema.org\",\"@graph\":[{\"@type\":\"WebPage\",\"@id\":\"https:\\\/\\\/locama.pt\\\/web\\\/aviso-legal\\\/\",\"url\":\"https:\\\/\\\/locama.pt\\\/web\\\/aviso-legal\\\/\",\"name\":\"Aviso Legal - Locama\",\"isPartOf\":{\"@id\":\"https:\\\/\\\/locama.pt\\\/web\\\/#website\"},\"datePublished\":\"2022-05-11T16:30:49+00:00\",\"dateModified\":\"2023-03-21T16:44:03+00:00\",\"breadcrumb\":{\"@id\":\"https:\\\/\\\/locama.pt\\\/web\\\/aviso-legal\\\/#breadcrumb\"},\"inLanguage\":\"en-GB\",\"potentialAction\":[{\"@type\":\"ReadAction\",\"target\":[\"https:\\\/\\\/locama.pt\\\/web\\\/aviso-legal\\\/\"]}]},{\"@type\":\"BreadcrumbList\",\"@id\":\"https:\\\/\\\/locama.pt\\\/web\\\/aviso-legal\\\/#breadcrumb\",\"itemListElement\":[{\"@type\":\"ListItem\",\"position\":1,\"name\":\"Home\",\"item\":\"https:\\\/\\\/locama.pt\\\/web\\\/\"},{\"@type\":\"ListItem\",\"position\":2,\"name\":\"Aviso Legal\"}]},{\"@type\":\"WebSite\",\"@id\":\"https:\\\/\\\/locama.pt\\\/web\\\/#website\",\"url\":\"https:\\\/\\\/locama.pt\\\/web\\\/\",\"name\":\"Locama\",\"description\":\"Empresa t\u00eaxtil portuguesa especializada no desenvolvimento e fabrica\u00e7\u00e3o de produtos t\u00eaxteis para o lar.\",\"publisher\":{\"@id\":\"https:\\\/\\\/locama.pt\\\/web\\\/#organization\"},\"potentialAction\":[{\"@type\":\"SearchAction\",\"target\":{\"@type\":\"EntryPoint\",\"urlTemplate\":\"https:\\\/\\\/locama.pt\\\/web\\\/?s={search_term_string}\"},\"query-input\":{\"@type\":\"PropertyValueSpecification\",\"valueRequired\":true,\"valueName\":\"search_term_string\"}}],\"inLanguage\":\"en-GB\"},{\"@type\":\"Organization\",\"@id\":\"https:\\\/\\\/locama.pt\\\/web\\\/#organization\",\"name\":\"Locama\",\"url\":\"https:\\\/\\\/locama.pt\\\/web\\\/\",\"logo\":{\"@type\":\"ImageObject\",\"inLanguage\":\"en-GB\",\"@id\":\"https:\\\/\\\/locama.pt\\\/web\\\/#\\\/schema\\\/logo\\\/image\\\/\",\"url\":\"https:\\\/\\\/i0.wp.com\\\/locama.pt\\\/web\\\/wp-content\\\/uploads\\\/2022\\\/05\\\/locama-logo_preto.png?fit=370%2C207&ssl=1\",\"contentUrl\":\"https:\\\/\\\/i0.wp.com\\\/locama.pt\\\/web\\\/wp-content\\\/uploads\\\/2022\\\/05\\\/locama-logo_preto.png?fit=370%2C207&ssl=1\",\"width\":370,\"height\":207,\"caption\":\"Locama\"},\"image\":{\"@id\":\"https:\\\/\\\/locama.pt\\\/web\\\/#\\\/schema\\\/logo\\\/image\\\/\"}}]}<\/script>\n<!-- \/ Yoast SEO Premium plugin. -->","yoast_head_json":{"title":"Aviso Legal - Locama","robots":{"index":"index","follow":"follow","max-snippet":"max-snippet:-1","max-image-preview":"max-image-preview:large","max-video-preview":"max-video-preview:-1"},"canonical":"https:\/\/locama.pt\/web\/en\/aviso-legal\/","og_locale":"en_GB","og_type":"article","og_title":"Aviso Legal","og_description":"Ao aceder e consultar este site concorda sem restri\u00e7\u00f5es com as seguintes condi\u00e7\u00f5es de uso: Todo o conte\u00fado deste site da Internet \u00e9 propriedade ou \u00e9 controlado pela empresa Locama Home Textiles e est\u00e1 protegido pelas leis internacionais do copyright. Pode fazer download do conte\u00fado apenas para uso pessoal para fins n\u00e3o comerciais, mas n\u00e3o [&hellip;]","og_url":"https:\/\/locama.pt\/web\/en\/aviso-legal\/","og_site_name":"Locama","article_modified_time":"2023-03-21T16:44:03+00:00","twitter_card":"summary_large_image","twitter_misc":{"Estimated reading time":"2 minutes"},"schema":{"@context":"https:\/\/schema.org","@graph":[{"@type":"WebPage","@id":"https:\/\/locama.pt\/web\/aviso-legal\/","url":"https:\/\/locama.pt\/web\/aviso-legal\/","name":"Aviso Legal - Locama","isPartOf":{"@id":"https:\/\/locama.pt\/web\/#website"},"datePublished":"2022-05-11T16:30:49+00:00","dateModified":"2023-03-21T16:44:03+00:00","breadcrumb":{"@id":"https:\/\/locama.pt\/web\/aviso-legal\/#breadcrumb"},"inLanguage":"en-GB","potentialAction":[{"@type":"ReadAction","target":["https:\/\/locama.pt\/web\/aviso-legal\/"]}]},{"@type":"BreadcrumbList","@id":"https:\/\/locama.pt\/web\/aviso-legal\/#breadcrumb","itemListElement":[{"@type":"ListItem","position":1,"name":"Home","item":"https:\/\/locama.pt\/web\/"},{"@type":"ListItem","position":2,"name":"Aviso Legal"}]},{"@type":"WebSite","@id":"https:\/\/locama.pt\/web\/#website","url":"https:\/\/locama.pt\/web\/","name":"Locama","description":"Portuguese textile company specializing in the development and manufacture of textile products for the home.","publisher":{"@id":"https:\/\/locama.pt\/web\/#organization"},"potentialAction":[{"@type":"SearchAction","target":{"@type":"EntryPoint","urlTemplate":"https:\/\/locama.pt\/web\/?s={search_term_string}"},"query-input":{"@type":"PropertyValueSpecification","valueRequired":true,"valueName":"search_term_string"}}],"inLanguage":"en-GB"},{"@type":"Organization","@id":"https:\/\/locama.pt\/web\/#organization","name":"Locama","url":"https:\/\/locama.pt\/web\/","logo":{"@type":"ImageObject","inLanguage":"en-GB","@id":"https:\/\/locama.pt\/web\/#\/schema\/logo\/image\/","url":"https:\/\/i0.wp.com\/locama.pt\/web\/wp-content\/uploads\/2022\/05\/locama-logo_preto.png?fit=370%2C207&ssl=1","contentUrl":"https:\/\/i0.wp.com\/locama.pt\/web\/wp-content\/uploads\/2022\/05\/locama-logo_preto.png?fit=370%2C207&ssl=1","width":370,"height":207,"caption":"Locama"},"image":{"@id":"https:\/\/locama.pt\/web\/#\/schema\/logo\/image\/"}}]}},"_links":{"self":[{"href":"https:\/\/locama.pt\/web\/en\/wp-json\/wp\/v2\/pages\/161","targetHints":{"allow":["GET"]}}],"collection":[{"href":"https:\/\/locama.pt\/web\/en\/wp-json\/wp\/v2\/pages"}],"about":[{"href":"https:\/\/locama.pt\/web\/en\/wp-json\/wp\/v2\/types\/page"}],"author":[{"embeddable":true,"href":"https:\/\/locama.pt\/web\/en\/wp-json\/wp\/v2\/users\/1"}],"replies":[{"embeddable":true,"href":"https:\/\/locama.pt\/web\/en\/wp-json\/wp\/v2\/comments?post=161"}],"version-history":[{"count":0,"href":"https:\/\/locama.pt\/web\/en\/wp-json\/wp\/v2\/pages\/161\/revisions"}],"wp:attachment":[{"href":"https:\/\/locama.pt\/web\/en\/wp-json\/wp\/v2\/media?parent=161"}],"curies":[{"name":"wp","href":"https:\/\/api.w.org\/{rel}","templated":true}]}}