{"id":159,"date":"2022-05-11T17:30:18","date_gmt":"2022-05-11T16:30:18","guid":{"rendered":"https:\/\/locama.pt\/web\/?page_id=159"},"modified":"2023-03-21T16:43:49","modified_gmt":"2023-03-21T16:43:49","slug":"politica-de-cookies","status":"publish","type":"page","link":"https:\/\/locama.pt\/web\/en\/politica-de-cookies\/","title":{"rendered":"Cookie Policy"},"content":{"rendered":"<div data-elementor-type=\"wp-page\" data-elementor-id=\"159\" class=\"elementor elementor-159\" data-elementor-post-type=\"page\">\n\t\t\t\t\t\t<section data-particle_enable=\"false\" data-particle-mobile-disabled=\"false\" class=\"elementor-section elementor-top-section elementor-element elementor-element-fbb439b elementor-section-boxed elementor-section-height-default elementor-section-height-default\" data-id=\"fbb439b\" data-element_type=\"section\">\n\t\t\t\t\t\t<div class=\"elementor-container elementor-column-gap-default\">\n\t\t\t\t\t<div class=\"elementor-column elementor-col-100 elementor-top-column elementor-element elementor-element-ccabe53\" data-id=\"ccabe53\" data-element_type=\"column\">\n\t\t\t<div class=\"elementor-widget-wrap elementor-element-populated\">\n\t\t\t\t\t\t<div class=\"elementor-element elementor-element-6daf903 elementor-widget elementor-widget-heading\" data-id=\"6daf903\" data-element_type=\"widget\" data-widget_type=\"heading.default\">\n\t\t\t\t<div class=\"elementor-widget-container\">\n\t\t\t<h2 class=\"elementor-heading-title elementor-size-default\">Cookie Policy<\/h2>\t\t<\/div>\n\t\t\t\t<\/div>\n\t\t\t\t<div class=\"elementor-element elementor-element-3bcbc99 elementor-widget elementor-widget-text-editor\" data-id=\"3bcbc99\" data-element_type=\"widget\" data-widget_type=\"text-editor.default\">\n\t\t\t\t<div class=\"elementor-widget-container\">\n\t\t\t\t\t\t\t<p>This website uses\u00a0<em>cookies<\/em>\u00a0to improve their service.<\/p><p><strong>1. What are\u00a0<em>cookies<\/em><\/strong>?<br \/>The\u00a0<em>cookies<\/em>\u00a0are small text files that a\u00a0<em>website<\/em>, when visited by the user, is placed on his computer or mobile device through the internet browser. The placement of\u00a0<em>cookies<\/em>\u00a0will help the\u00a0<em>site<\/em>\u00a0to recognize your device the next time you visit.\u00a0<\/p><p>Some\u00a0<em>cookies<\/em>\u00a0cookies are essential to ensure the functionality provided, while others are intended to improve performance and user experience. You should no longer access our\u00a0<em>website<\/em>\u00a0after the cookie alert if you do not agree to their use.<\/p><p><strong>What kind of<em>cookies<\/em>\u00a0we use<\/strong>?\u00a0<\/p><table width=\"596\"><thead><tr><td width=\"191\"><p><strong>ORIGIN<\/strong><\/p><\/td><td width=\"191\"><p><strong>NAME COOKIE<\/strong><\/p><\/td><td width=\"382\"><p><strong>PURPOSE<\/strong><\/p><\/td><td width=\"191\"><p><strong>EXPIRE<\/strong><\/p><\/td><\/tr><\/thead><tbody><tr><td rowspan=\"2\" width=\"191\"><p>LOCAMA<\/p><\/td><td width=\"191\"><p>PHPSESSID<\/p><\/td><td width=\"382\"><p>It is used by the PHP language to allow session variables to be stored on the web server. This cookie is essential for the website to function.<\/p><\/td><td width=\"191\"><p>When the browser is closed<\/p><\/td><\/tr><tr><td width=\"191\"><p>allowCookies<\/p><\/td><td width=\"382\"><p>Used to monitor user acceptance of the site's cookie policy<\/p><\/td><td width=\"191\"><p>After 1 year<\/p><\/td><\/tr><tr><td width=\"191\"><p>AddThis<\/p><\/td><td width=\"191\"><p>__atuvc<\/p><\/td><td width=\"382\"><p>Created and read by AddThis, a JavaScript site for sharing on social networks. Stores the number of shares of a page.<\/p><\/td><td width=\"191\"><p>After 2 years<\/p><\/td><\/tr><tr><td rowspan=\"4\" width=\"191\"><p>Google<br \/>(<a href=\"https:\/\/developers.google.com\/analytics\/devguides\/collection\/gtagjs\/cookie-usage\"><strong>View more<\/strong><\/a>)<\/p><\/td><td width=\"191\"><p>_ga<\/p><\/td><td width=\"382\"><p>Used to distinguish between users.<\/p><\/td><td width=\"191\"><p>After 2 years<\/p><\/td><\/tr><tr><td width=\"191\"><p>_gat<\/p><\/td><td width=\"382\"><p>Used to speed up the percentage of requests.<\/p><\/td><td width=\"191\"><p>After 1 minute<\/p><\/td><\/tr><tr><td width=\"191\"><p>gat_gtag_UA<\/p><\/td><td width=\"382\"><p>Contains information related to campaigns for the user. When you link your Google Analytics and Google AdWords accounts, Google AdWords website conversion tags will analyse this cookie unless it is inactive.<\/p><\/td><td width=\"191\"><p>After 1 minute<\/p><\/td><\/tr><tr><td width=\"191\"><p>gid<\/p><\/td><td width=\"382\"><p>Used to distinguish between users.<\/p><\/td><td width=\"191\"><p>After 1 day<\/p><\/td><\/tr><\/tbody><\/table><ol start=\"2\"><li><p><strong> Accept\/reject cookies<\/strong><br \/>You may at any time choose to accept or decline the installation of\u00a0<em>cookies\u00a0<\/em>on your terminal, configuring the navigation software.\u00a0<\/p><p><strong>2.1 If you accept cookies<\/strong>\u00a0<br \/>Registering a cookie on your terminal is at your discretion. At any time, you can express and modify your choice free of charge via the options provided by your browser software.\u00a0<\/p><p>If you have agreed to cookies being saved on your device in the browser software that you use, the cookies embedded in the pages and content that you consult may be temporarily stored in a specific space on your device. In this space, they will only be readable by their issuer.\u00a0<\/p><p><strong>2.2 What is the point of accepting cookies?\u00a0<\/strong><br \/>When you visit the <a href=\"https:\/\/locama.pt\/web\/en\/\">https:\/\/locama.pt\/web\/en\/<\/a> website, these cookies will record certain information that is stored on your terminal. This information is used, in particular, to offer you products based on the items you have already selected during your previous visits, and thus allow you to benefit from better browsing on our website.\u00a0<\/p><p><strong>2.3 If you refuse\u00a0<em>cookies\u00a0<\/em><\/strong><br \/>When refusing\u00a0<em>cookies,<\/em>\u00a0we have however installed a\u00a0<em>cookie<\/em>\u00a0of\u00a0<em>\"refusal<\/em>\". This\u00a0<em>cookie\u00a0<\/em>allows us to remember your choice so that we do not have to ask you at each visit whether you wish to accept or decline cookies.<\/p><p><strong>2.4 Configuration of your browser<\/strong><br \/>The configuration of the management of cookies depends on each browser and is present in the help menu of your browser.<\/p><p><strong>In Internet Explorer<\/strong><br \/>To customise the cookie settings for a webpage<br \/>In Internet Explorer, click on the Tools button and then Internet Options.<br \/>Click the Privacy tab, and then click Sites.<br \/>In the Website Address space, enter the full address (URL) of the webpage whose privacy settings you want to customise.\u00a0<br \/>For example, http:\/\/www.microsoft.com.<br \/>To allow cookies from the specified webpage to be registered on your computer, click Allow. To prohibit cookies from logging the specified webpage to your computer, click Block.<br \/>Repeat steps 3 and 4 for each webpage you want to block or allow. When done, click OK twice.<\/p><p><strong>In Safari<\/strong><br \/>Go to Preferences, click on the Privacy panel and then Manage Cookies.<\/p><p><strong>In Chrome<\/strong><br \/>Click on the Chrome menu which is situated on the browser toolbar.<br \/>Select Settings.<br \/>Click Show advanced settings.<br \/>In the \"Privacy\" section, click on the Content settings button.<br \/>In the \"Cookies\" section you can modify the following settings:<br \/>Delete cookies\u00a0<br \/>Block cookies by default\u00a0<br \/>Allow cookies by default<br \/>Make exceptions for cookies from specific websites or domains.<\/p><p><strong>In Firefox<\/strong><br \/>Click on the Tools button and then on Options.<br \/>Click the Privacy tab.<br \/>In History, select \"Use custom settings for history.\"<br \/>Tick the \"accept cookies\" box and click on exceptions to choose the websites that will or will not be allowed to install cookies on your terminal.<\/p><p>\u00a0<\/p><\/li><\/ol><p><strong>In Opera<\/strong><br \/>Preferences &gt; Advanced &gt; Cookies\u00a0<br \/>Cookie preferences allow you to control how Opera manages cookies. The default setting is to accept all cookies.<br \/>Accept cookies\u00a0<br \/>- All cookies are accepted (by default)<br \/>Accept cookies only from the site I visit\u00a0<br \/>- Third-party cookies from a domain outside the one you are visiting will be refused<br \/>Never accept cookies\u00a0<br \/>- All cookies will be rejected<\/p><p><strong>3. Legal Notification Update<\/strong><br \/>The <strong>Locama<\/strong> reserves the right to make any changes or corrections to this cookie notice. Please check this page regularly to review the information and see if there are any updates.<\/p><p>This notification was updated on 01 March 2022.<\/p>\t\t\t\t\t\t<\/div>\n\t\t\t\t<\/div>\n\t\t\t\t\t<\/div>\n\t\t<\/div>\n\t\t\t\t\t<\/div>\n\t\t<\/section>\n\t\t\t\t<\/div>","protected":false},"excerpt":{"rendered":"<p>Este website utiliza\u00a0cookies\u00a0para melhorar o seu servi\u00e7o. 1. O que s\u00e3o\u00a0cookies?Os\u00a0cookies\u00a0s\u00e3o pequenos ficheiros de texto que um\u00a0website, ao ser visitado pelo utilizador, coloca no seu computador ou no seu dispositivo m\u00f3vel atrav\u00e9s do navegador de internet (browser). A coloca\u00e7\u00e3o de\u00a0cookies\u00a0ajudar\u00e1 o\u00a0site\u00a0a reconhecer o seu dispositivo na pr\u00f3xima vez que o utilizador o visita.\u00a0 Usamos o [&hellip;]<\/p>\n","protected":false},"author":1,"featured_media":0,"parent":0,"menu_order":12,"comment_status":"closed","ping_status":"closed","template":"","meta":{"footnotes":""},"class_list":["post-159","page","type-page","status-publish","hentry"],"acf":[],"yoast_head":"<!-- This site is optimized with the Yoast SEO Premium plugin v20.3 (Yoast SEO v27.5) - https:\/\/yoast.com\/product\/yoast-seo-premium-wordpress\/ -->\n<title>Pol\u00edtica de Cookies - Locama<\/title>\n<meta name=\"robots\" content=\"index, follow, max-snippet:-1, max-image-preview:large, max-video-preview:-1\" \/>\n<link rel=\"canonical\" href=\"https:\/\/locama.pt\/web\/en\/politica-de-cookies\/\" \/>\n<meta property=\"og:locale\" content=\"en_GB\" \/>\n<meta property=\"og:type\" content=\"article\" \/>\n<meta property=\"og:title\" content=\"Pol\u00edtica de Cookies\" \/>\n<meta property=\"og:description\" content=\"Este website utiliza\u00a0cookies\u00a0para melhorar o seu servi\u00e7o. 1. O que s\u00e3o\u00a0cookies?Os\u00a0cookies\u00a0s\u00e3o pequenos ficheiros de texto que um\u00a0website, ao ser visitado pelo utilizador, coloca no seu computador ou no seu dispositivo m\u00f3vel atrav\u00e9s do navegador de internet (browser). A coloca\u00e7\u00e3o de\u00a0cookies\u00a0ajudar\u00e1 o\u00a0site\u00a0a reconhecer o seu dispositivo na pr\u00f3xima vez que o utilizador o visita.\u00a0 Usamos o [&hellip;]\" \/>\n<meta property=\"og:url\" content=\"https:\/\/locama.pt\/web\/en\/politica-de-cookies\/\" \/>\n<meta property=\"og:site_name\" content=\"Locama\" \/>\n<meta property=\"article:modified_time\" content=\"2023-03-21T16:43:49+00:00\" \/>\n<meta name=\"twitter:card\" content=\"summary_large_image\" \/>\n<meta name=\"twitter:label1\" content=\"Estimated reading time\" \/>\n\t<meta name=\"twitter:data1\" content=\"5 minutes\" \/>\n<script type=\"application\/ld+json\" class=\"yoast-schema-graph\">{\"@context\":\"https:\\\/\\\/schema.org\",\"@graph\":[{\"@type\":\"WebPage\",\"@id\":\"https:\\\/\\\/locama.pt\\\/web\\\/politica-de-cookies\\\/\",\"url\":\"https:\\\/\\\/locama.pt\\\/web\\\/politica-de-cookies\\\/\",\"name\":\"Pol\u00edtica de Cookies - Locama\",\"isPartOf\":{\"@id\":\"https:\\\/\\\/locama.pt\\\/web\\\/#website\"},\"datePublished\":\"2022-05-11T16:30:18+00:00\",\"dateModified\":\"2023-03-21T16:43:49+00:00\",\"breadcrumb\":{\"@id\":\"https:\\\/\\\/locama.pt\\\/web\\\/politica-de-cookies\\\/#breadcrumb\"},\"inLanguage\":\"en-GB\",\"potentialAction\":[{\"@type\":\"ReadAction\",\"target\":[\"https:\\\/\\\/locama.pt\\\/web\\\/politica-de-cookies\\\/\"]}]},{\"@type\":\"BreadcrumbList\",\"@id\":\"https:\\\/\\\/locama.pt\\\/web\\\/politica-de-cookies\\\/#breadcrumb\",\"itemListElement\":[{\"@type\":\"ListItem\",\"position\":1,\"name\":\"Home\",\"item\":\"https:\\\/\\\/locama.pt\\\/web\\\/\"},{\"@type\":\"ListItem\",\"position\":2,\"name\":\"Pol\u00edtica de Cookies\"}]},{\"@type\":\"WebSite\",\"@id\":\"https:\\\/\\\/locama.pt\\\/web\\\/#website\",\"url\":\"https:\\\/\\\/locama.pt\\\/web\\\/\",\"name\":\"Locama\",\"description\":\"Empresa t\u00eaxtil portuguesa especializada no desenvolvimento e fabrica\u00e7\u00e3o de produtos t\u00eaxteis para o lar.\",\"publisher\":{\"@id\":\"https:\\\/\\\/locama.pt\\\/web\\\/#organization\"},\"potentialAction\":[{\"@type\":\"SearchAction\",\"target\":{\"@type\":\"EntryPoint\",\"urlTemplate\":\"https:\\\/\\\/locama.pt\\\/web\\\/?s={search_term_string}\"},\"query-input\":{\"@type\":\"PropertyValueSpecification\",\"valueRequired\":true,\"valueName\":\"search_term_string\"}}],\"inLanguage\":\"en-GB\"},{\"@type\":\"Organization\",\"@id\":\"https:\\\/\\\/locama.pt\\\/web\\\/#organization\",\"name\":\"Locama\",\"url\":\"https:\\\/\\\/locama.pt\\\/web\\\/\",\"logo\":{\"@type\":\"ImageObject\",\"inLanguage\":\"en-GB\",\"@id\":\"https:\\\/\\\/locama.pt\\\/web\\\/#\\\/schema\\\/logo\\\/image\\\/\",\"url\":\"https:\\\/\\\/i0.wp.com\\\/locama.pt\\\/web\\\/wp-content\\\/uploads\\\/2022\\\/05\\\/locama-logo_preto.png?fit=370%2C207&ssl=1\",\"contentUrl\":\"https:\\\/\\\/i0.wp.com\\\/locama.pt\\\/web\\\/wp-content\\\/uploads\\\/2022\\\/05\\\/locama-logo_preto.png?fit=370%2C207&ssl=1\",\"width\":370,\"height\":207,\"caption\":\"Locama\"},\"image\":{\"@id\":\"https:\\\/\\\/locama.pt\\\/web\\\/#\\\/schema\\\/logo\\\/image\\\/\"}}]}<\/script>\n<!-- \/ Yoast SEO Premium plugin. -->","yoast_head_json":{"title":"Pol\u00edtica de Cookies - Locama","robots":{"index":"index","follow":"follow","max-snippet":"max-snippet:-1","max-image-preview":"max-image-preview:large","max-video-preview":"max-video-preview:-1"},"canonical":"https:\/\/locama.pt\/web\/en\/politica-de-cookies\/","og_locale":"en_GB","og_type":"article","og_title":"Pol\u00edtica de Cookies","og_description":"Este website utiliza\u00a0cookies\u00a0para melhorar o seu servi\u00e7o. 1. O que s\u00e3o\u00a0cookies?Os\u00a0cookies\u00a0s\u00e3o pequenos ficheiros de texto que um\u00a0website, ao ser visitado pelo utilizador, coloca no seu computador ou no seu dispositivo m\u00f3vel atrav\u00e9s do navegador de internet (browser). A coloca\u00e7\u00e3o de\u00a0cookies\u00a0ajudar\u00e1 o\u00a0site\u00a0a reconhecer o seu dispositivo na pr\u00f3xima vez que o utilizador o visita.\u00a0 Usamos o [&hellip;]","og_url":"https:\/\/locama.pt\/web\/en\/politica-de-cookies\/","og_site_name":"Locama","article_modified_time":"2023-03-21T16:43:49+00:00","twitter_card":"summary_large_image","twitter_misc":{"Estimated reading time":"5 minutes"},"schema":{"@context":"https:\/\/schema.org","@graph":[{"@type":"WebPage","@id":"https:\/\/locama.pt\/web\/politica-de-cookies\/","url":"https:\/\/locama.pt\/web\/politica-de-cookies\/","name":"Pol\u00edtica de Cookies - Locama","isPartOf":{"@id":"https:\/\/locama.pt\/web\/#website"},"datePublished":"2022-05-11T16:30:18+00:00","dateModified":"2023-03-21T16:43:49+00:00","breadcrumb":{"@id":"https:\/\/locama.pt\/web\/politica-de-cookies\/#breadcrumb"},"inLanguage":"en-GB","potentialAction":[{"@type":"ReadAction","target":["https:\/\/locama.pt\/web\/politica-de-cookies\/"]}]},{"@type":"BreadcrumbList","@id":"https:\/\/locama.pt\/web\/politica-de-cookies\/#breadcrumb","itemListElement":[{"@type":"ListItem","position":1,"name":"Home","item":"https:\/\/locama.pt\/web\/"},{"@type":"ListItem","position":2,"name":"Pol\u00edtica de Cookies"}]},{"@type":"WebSite","@id":"https:\/\/locama.pt\/web\/#website","url":"https:\/\/locama.pt\/web\/","name":"Locama","description":"Portuguese textile company specializing in the development and manufacture of textile products for the home.","publisher":{"@id":"https:\/\/locama.pt\/web\/#organization"},"potentialAction":[{"@type":"SearchAction","target":{"@type":"EntryPoint","urlTemplate":"https:\/\/locama.pt\/web\/?s={search_term_string}"},"query-input":{"@type":"PropertyValueSpecification","valueRequired":true,"valueName":"search_term_string"}}],"inLanguage":"en-GB"},{"@type":"Organization","@id":"https:\/\/locama.pt\/web\/#organization","name":"Locama","url":"https:\/\/locama.pt\/web\/","logo":{"@type":"ImageObject","inLanguage":"en-GB","@id":"https:\/\/locama.pt\/web\/#\/schema\/logo\/image\/","url":"https:\/\/i0.wp.com\/locama.pt\/web\/wp-content\/uploads\/2022\/05\/locama-logo_preto.png?fit=370%2C207&ssl=1","contentUrl":"https:\/\/i0.wp.com\/locama.pt\/web\/wp-content\/uploads\/2022\/05\/locama-logo_preto.png?fit=370%2C207&ssl=1","width":370,"height":207,"caption":"Locama"},"image":{"@id":"https:\/\/locama.pt\/web\/#\/schema\/logo\/image\/"}}]}},"_links":{"self":[{"href":"https:\/\/locama.pt\/web\/en\/wp-json\/wp\/v2\/pages\/159","targetHints":{"allow":["GET"]}}],"collection":[{"href":"https:\/\/locama.pt\/web\/en\/wp-json\/wp\/v2\/pages"}],"about":[{"href":"https:\/\/locama.pt\/web\/en\/wp-json\/wp\/v2\/types\/page"}],"author":[{"embeddable":true,"href":"https:\/\/locama.pt\/web\/en\/wp-json\/wp\/v2\/users\/1"}],"replies":[{"embeddable":true,"href":"https:\/\/locama.pt\/web\/en\/wp-json\/wp\/v2\/comments?post=159"}],"version-history":[{"count":0,"href":"https:\/\/locama.pt\/web\/en\/wp-json\/wp\/v2\/pages\/159\/revisions"}],"wp:attachment":[{"href":"https:\/\/locama.pt\/web\/en\/wp-json\/wp\/v2\/media?parent=159"}],"curies":[{"name":"wp","href":"https:\/\/api.w.org\/{rel}","templated":true}]}}