{"id":153,"date":"2022-05-11T17:28:44","date_gmt":"2022-05-11T16:28:44","guid":{"rendered":"https:\/\/locama.pt\/web\/?page_id=153"},"modified":"2023-03-21T16:43:06","modified_gmt":"2023-03-21T16:43:06","slug":"virtual-showroom","status":"publish","type":"page","link":"https:\/\/locama.pt\/web\/en\/virtual-showroom\/","title":{"rendered":"Virtual Showroom"},"content":{"rendered":"<div data-elementor-type=\"wp-page\" data-elementor-id=\"153\" class=\"elementor elementor-153\" data-elementor-post-type=\"page\">\n\t\t\t\t\t\t<section data-particle_enable=\"false\" data-particle-mobile-disabled=\"false\" class=\"elementor-section elementor-top-section elementor-element elementor-element-fb078bc elementor-section-boxed elementor-section-height-default elementor-section-height-default\" data-id=\"fb078bc\" data-element_type=\"section\" id=\"contact-us\" data-settings=\"{&quot;background_background&quot;:&quot;classic&quot;}\">\n\t\t\t\t\t\t\t<div class=\"elementor-background-overlay\"><\/div>\n\t\t\t\t\t\t\t<div class=\"elementor-container elementor-column-gap-default\">\n\t\t\t\t\t<div class=\"elementor-column elementor-col-100 elementor-top-column elementor-element elementor-element-3d21c48d\" data-id=\"3d21c48d\" data-element_type=\"column\" data-settings=\"{&quot;background_background&quot;:&quot;classic&quot;}\">\n\t\t\t<div class=\"elementor-widget-wrap elementor-element-populated\">\n\t\t\t\t\t\t<div class=\"elementor-element elementor-element-17c3293 elementor-hidden-tablet elementor-hidden-mobile elementor-widget elementor-widget-spacer\" data-id=\"17c3293\" data-element_type=\"widget\" data-widget_type=\"spacer.default\">\n\t\t\t\t<div class=\"elementor-widget-container\">\n\t\t\t\t\t<div class=\"elementor-spacer\">\n\t\t\t<div class=\"elementor-spacer-inner\"><\/div>\n\t\t<\/div>\n\t\t\t\t<\/div>\n\t\t\t\t<\/div>\n\t\t\t\t<section data-particle_enable=\"false\" data-particle-mobile-disabled=\"false\" class=\"elementor-section elementor-inner-section elementor-element elementor-element-6d863b6 elementor-section-boxed elementor-section-height-default elementor-section-height-default\" data-id=\"6d863b6\" data-element_type=\"section\" data-settings=\"{&quot;background_background&quot;:&quot;classic&quot;}\">\n\t\t\t\t\t\t<div class=\"elementor-container elementor-column-gap-default\">\n\t\t\t\t\t<div class=\"elementor-column elementor-col-100 elementor-inner-column elementor-element elementor-element-7eff937\" data-id=\"7eff937\" data-element_type=\"column\">\n\t\t\t<div class=\"elementor-widget-wrap elementor-element-populated\">\n\t\t\t\t\t\t<div class=\"elementor-element elementor-element-72ee3a0 elementor-widget elementor-widget-heading\" data-id=\"72ee3a0\" data-element_type=\"widget\" data-widget_type=\"heading.default\">\n\t\t\t\t<div class=\"elementor-widget-container\">\n\t\t\t<h2 class=\"elementor-heading-title elementor-size-default\">Virtual Showroom<\/h2>\t\t<\/div>\n\t\t\t\t<\/div>\n\t\t\t\t<div class=\"elementor-element elementor-element-119e80b elementor-widget elementor-widget-heading\" data-id=\"119e80b\" data-element_type=\"widget\" data-widget_type=\"heading.default\">\n\t\t\t\t<div class=\"elementor-widget-container\">\n\t\t\t<h2 class=\"elementor-heading-title elementor-size-default\">Virtual Showroom<\/h2>\t\t<\/div>\n\t\t\t\t<\/div>\n\t\t\t\t<div class=\"elementor-element elementor-element-d082c61 elementor-widget elementor-widget-heading\" data-id=\"d082c61\" data-element_type=\"widget\" data-widget_type=\"heading.default\">\n\t\t\t\t<div class=\"elementor-widget-container\">\n\t\t\t<h2 class=\"elementor-heading-title elementor-size-default\">Access our collection<\/h2>\t\t<\/div>\n\t\t\t\t<\/div>\n\t\t\t\t<div class=\"elementor-element elementor-element-d65df5b elementor-button-align-center elementor-widget elementor-widget-login\" data-id=\"d65df5b\" data-element_type=\"widget\" data-widget_type=\"login.default\">\n\t\t\t\t<div class=\"elementor-widget-container\">\n\t\t\t\t\t<form class=\"elementor-login elementor-form\" method=\"post\" action=\"https:\/\/locama.pt\/web\/wp-login.php\">\n\t\t\t<input type=\"hidden\" name=\"redirect_to\" value=\"https:\/\/locama.pt\/web\/pt\/virtual-showroom\/\">\n\t\t\t<div class=\"elementor-form-fields-wrapper\">\n\t\t\t\t<div class=\"elementor-field-type-text elementor-field-group elementor-column elementor-col-100 elementor-field-required\">\n\t\t\t\t\t\t\t\t\t\t<input size=\"1\" type=\"text\" name=\"log\" id=\"user\" placeholder=\"Username ou Email Address\" class=\"elementor-field elementor-field-textual elementor-size-md\">\n\t\t\t\t<\/div>\n\t\t\t\t<div class=\"elementor-field-type-text elementor-field-group elementor-column elementor-col-100 elementor-field-required\">\n\t\t\t\t\t\t\t\t\t\t<input size=\"1\" type=\"password\" name=\"pwd\" id=\"password\" placeholder=\"Password\" class=\"elementor-field elementor-field-textual elementor-size-md\">\n\t\t\t\t<\/div>\n\n\t\t\t\t\n\t\t\t\t<div class=\"elementor-field-group elementor-column elementor-field-type-submit elementor-col-100\">\n\t\t\t\t\t<button type=\"submit\" class=\"elementor-size-md elementor-button\" name=\"wp-submit\">\n\t\t\t\t\t\t\t\t\t\t\t\t\t\t\t<span class=\"elementor-button-text\">Aceder<\/span>\n\t\t\t\t\t\t\t\t\t\t\t\t<\/button>\n\t\t\t\t<\/div>\n\n\t\t\t\t\t\t\t<\/div>\n\t\t<\/form>\n\t\t\t\t<\/div>\n\t\t\t\t<\/div>\n\t\t\t\t<div class=\"elementor-element elementor-element-8361023 elementor-align-center elementor-widget elementor-widget-button\" data-id=\"8361023\" data-element_type=\"widget\" data-widget_type=\"button.default\">\n\t\t\t\t<div class=\"elementor-widget-container\">\n\t\t\t\t\t\t\t<div class=\"elementor-button-wrapper\">\n\t\t\t\t\t<a class=\"elementor-button elementor-button-link elementor-size-sm\" href=\"https:\/\/locama.pt\/web\/en\/solicitar-acesso\/\" target=\"_blank\">\n\t\t\t\t\t\t<span class=\"elementor-button-content-wrapper\">\n\t\t\t\t\t\t<span class=\"elementor-button-icon\">\n\t\t\t\t<i aria-hidden=\"true\" class=\"fas fa-key\"><\/i>\t\t\t<\/span>\n\t\t\t\t\t\t\t\t\t<span class=\"elementor-button-text\">Request Access<\/span>\n\t\t\t\t\t<\/span>\n\t\t\t\t\t<\/a>\n\t\t\t\t<\/div>\n\t\t\t\t\t\t<\/div>\n\t\t\t\t<\/div>\n\t\t\t\t\t<\/div>\n\t\t<\/div>\n\t\t\t\t\t<\/div>\n\t\t<\/section>\n\t\t\t\t<div class=\"elementor-element elementor-element-3f8fabe elementor-widget elementor-widget-spacer\" data-id=\"3f8fabe\" data-element_type=\"widget\" data-widget_type=\"spacer.default\">\n\t\t\t\t<div class=\"elementor-widget-container\">\n\t\t\t\t\t<div class=\"elementor-spacer\">\n\t\t\t<div class=\"elementor-spacer-inner\"><\/div>\n\t\t<\/div>\n\t\t\t\t<\/div>\n\t\t\t\t<\/div>\n\t\t\t\t<div class=\"elementor-element elementor-element-4c2b9fd elementor-widget elementor-widget-image\" data-id=\"4c2b9fd\" data-element_type=\"widget\" data-widget_type=\"image.default\">\n\t\t\t\t<div class=\"elementor-widget-container\">\n\t\t\t\t\t\t\t\t\t\t\t\t\t<img fetchpriority=\"high\" decoding=\"async\" width=\"1600\" height=\"877\" src=\"https:\/\/locama.pt\/web\/wp-content\/uploads\/2023\/01\/Imagem-Virtual-Show-Room.jpg\" class=\"attachment-2048x2048 size-2048x2048 wp-image-6566\" alt=\"\" srcset=\"https:\/\/locama.pt\/web\/wp-content\/uploads\/2023\/01\/Imagem-Virtual-Show-Room.jpg 1600w, https:\/\/locama.pt\/web\/wp-content\/uploads\/2023\/01\/Imagem-Virtual-Show-Room-300x164.jpg 300w, https:\/\/locama.pt\/web\/wp-content\/uploads\/2023\/01\/Imagem-Virtual-Show-Room-1024x561.jpg 1024w, https:\/\/locama.pt\/web\/wp-content\/uploads\/2023\/01\/Imagem-Virtual-Show-Room-768x421.jpg 768w, https:\/\/locama.pt\/web\/wp-content\/uploads\/2023\/01\/Imagem-Virtual-Show-Room-1536x842.jpg 1536w, https:\/\/locama.pt\/web\/wp-content\/uploads\/2023\/01\/Imagem-Virtual-Show-Room-18x10.jpg 18w\" sizes=\"(max-width: 1600px) 100vw, 1600px\" \/>\t\t\t\t\t\t\t\t\t\t\t\t\t<\/div>\n\t\t\t\t<\/div>\n\t\t\t\t\t<\/div>\n\t\t<\/div>\n\t\t\t\t\t<\/div>\n\t\t<\/section>\n\t\t\t\t<\/div>","protected":false},"excerpt":{"rendered":"<p>Virtual Showroom Virtual Showroom Aceda \u00e0 nossa cole\u00e7\u00e3o Solicitar Acesso Virtual Showroom<\/p>","protected":false},"author":1,"featured_media":0,"parent":0,"menu_order":8,"comment_status":"closed","ping_status":"closed","template":"","meta":{"footnotes":""},"class_list":["post-153","page","type-page","status-publish","hentry"],"acf":[],"yoast_head":"<!-- This site is optimized with the Yoast SEO Premium plugin v20.3 (Yoast SEO v27.4) - https:\/\/yoast.com\/product\/yoast-seo-premium-wordpress\/ -->\n<title>Virtual Showroom - Locama<\/title>\n<meta name=\"robots\" content=\"index, follow, max-snippet:-1, max-image-preview:large, max-video-preview:-1\" \/>\n<link rel=\"canonical\" href=\"https:\/\/locama.pt\/web\/en\/virtual-showroom\/\" \/>\n<meta property=\"og:locale\" content=\"en_GB\" \/>\n<meta property=\"og:type\" content=\"article\" \/>\n<meta property=\"og:title\" content=\"Virtual Showroom\" \/>\n<meta property=\"og:description\" content=\"Virtual Showroom Virtual Showroom Aceda \u00e0 nossa cole\u00e7\u00e3o Solicitar Acesso Virtual Showroom\" \/>\n<meta property=\"og:url\" content=\"https:\/\/locama.pt\/web\/en\/virtual-showroom\/\" \/>\n<meta property=\"og:site_name\" content=\"Locama\" \/>\n<meta property=\"article:modified_time\" content=\"2023-03-21T16:43:06+00:00\" \/>\n<meta property=\"og:image\" content=\"https:\/\/locama.pt\/web\/wp-content\/uploads\/2023\/01\/Imagem-Virtual-Show-Room.jpg\" \/>\n<meta name=\"twitter:card\" content=\"summary_large_image\" \/>\n<meta name=\"twitter:label1\" content=\"Estimated reading time\" \/>\n\t<meta name=\"twitter:data1\" content=\"1 minute\" \/>\n<script type=\"application\/ld+json\" class=\"yoast-schema-graph\">{\"@context\":\"https:\\\/\\\/schema.org\",\"@graph\":[{\"@type\":\"WebPage\",\"@id\":\"https:\\\/\\\/locama.pt\\\/web\\\/virtual-showroom\\\/\",\"url\":\"https:\\\/\\\/locama.pt\\\/web\\\/virtual-showroom\\\/\",\"name\":\"Virtual Showroom - Locama\",\"isPartOf\":{\"@id\":\"https:\\\/\\\/locama.pt\\\/web\\\/#website\"},\"primaryImageOfPage\":{\"@id\":\"https:\\\/\\\/locama.pt\\\/web\\\/virtual-showroom\\\/#primaryimage\"},\"image\":{\"@id\":\"https:\\\/\\\/locama.pt\\\/web\\\/virtual-showroom\\\/#primaryimage\"},\"thumbnailUrl\":\"https:\\\/\\\/locama.pt\\\/web\\\/wp-content\\\/uploads\\\/2023\\\/01\\\/Imagem-Virtual-Show-Room.jpg\",\"datePublished\":\"2022-05-11T16:28:44+00:00\",\"dateModified\":\"2023-03-21T16:43:06+00:00\",\"breadcrumb\":{\"@id\":\"https:\\\/\\\/locama.pt\\\/web\\\/virtual-showroom\\\/#breadcrumb\"},\"inLanguage\":\"en-GB\",\"potentialAction\":[{\"@type\":\"ReadAction\",\"target\":[\"https:\\\/\\\/locama.pt\\\/web\\\/virtual-showroom\\\/\"]}]},{\"@type\":\"ImageObject\",\"inLanguage\":\"en-GB\",\"@id\":\"https:\\\/\\\/locama.pt\\\/web\\\/virtual-showroom\\\/#primaryimage\",\"url\":\"https:\\\/\\\/locama.pt\\\/web\\\/wp-content\\\/uploads\\\/2023\\\/01\\\/Imagem-Virtual-Show-Room.jpg\",\"contentUrl\":\"https:\\\/\\\/locama.pt\\\/web\\\/wp-content\\\/uploads\\\/2023\\\/01\\\/Imagem-Virtual-Show-Room.jpg\"},{\"@type\":\"BreadcrumbList\",\"@id\":\"https:\\\/\\\/locama.pt\\\/web\\\/virtual-showroom\\\/#breadcrumb\",\"itemListElement\":[{\"@type\":\"ListItem\",\"position\":1,\"name\":\"Home\",\"item\":\"https:\\\/\\\/locama.pt\\\/web\\\/\"},{\"@type\":\"ListItem\",\"position\":2,\"name\":\"Virtual Showroom\"}]},{\"@type\":\"WebSite\",\"@id\":\"https:\\\/\\\/locama.pt\\\/web\\\/#website\",\"url\":\"https:\\\/\\\/locama.pt\\\/web\\\/\",\"name\":\"Locama\",\"description\":\"Empresa t\u00eaxtil portuguesa especializada no desenvolvimento e fabrica\u00e7\u00e3o de produtos t\u00eaxteis para o lar.\",\"publisher\":{\"@id\":\"https:\\\/\\\/locama.pt\\\/web\\\/#organization\"},\"potentialAction\":[{\"@type\":\"SearchAction\",\"target\":{\"@type\":\"EntryPoint\",\"urlTemplate\":\"https:\\\/\\\/locama.pt\\\/web\\\/?s={search_term_string}\"},\"query-input\":{\"@type\":\"PropertyValueSpecification\",\"valueRequired\":true,\"valueName\":\"search_term_string\"}}],\"inLanguage\":\"en-GB\"},{\"@type\":\"Organization\",\"@id\":\"https:\\\/\\\/locama.pt\\\/web\\\/#organization\",\"name\":\"Locama\",\"url\":\"https:\\\/\\\/locama.pt\\\/web\\\/\",\"logo\":{\"@type\":\"ImageObject\",\"inLanguage\":\"en-GB\",\"@id\":\"https:\\\/\\\/locama.pt\\\/web\\\/#\\\/schema\\\/logo\\\/image\\\/\",\"url\":\"https:\\\/\\\/i0.wp.com\\\/locama.pt\\\/web\\\/wp-content\\\/uploads\\\/2022\\\/05\\\/locama-logo_preto.png?fit=370%2C207&ssl=1\",\"contentUrl\":\"https:\\\/\\\/i0.wp.com\\\/locama.pt\\\/web\\\/wp-content\\\/uploads\\\/2022\\\/05\\\/locama-logo_preto.png?fit=370%2C207&ssl=1\",\"width\":370,\"height\":207,\"caption\":\"Locama\"},\"image\":{\"@id\":\"https:\\\/\\\/locama.pt\\\/web\\\/#\\\/schema\\\/logo\\\/image\\\/\"}}]}<\/script>\n<!-- \/ Yoast SEO Premium plugin. -->","yoast_head_json":{"title":"Virtual Showroom - Locama","robots":{"index":"index","follow":"follow","max-snippet":"max-snippet:-1","max-image-preview":"max-image-preview:large","max-video-preview":"max-video-preview:-1"},"canonical":"https:\/\/locama.pt\/web\/en\/virtual-showroom\/","og_locale":"en_GB","og_type":"article","og_title":"Virtual Showroom","og_description":"Virtual Showroom Virtual Showroom Aceda \u00e0 nossa cole\u00e7\u00e3o Solicitar Acesso Virtual Showroom","og_url":"https:\/\/locama.pt\/web\/en\/virtual-showroom\/","og_site_name":"Locama","article_modified_time":"2023-03-21T16:43:06+00:00","og_image":[{"url":"https:\/\/locama.pt\/web\/wp-content\/uploads\/2023\/01\/Imagem-Virtual-Show-Room.jpg","type":"","width":"","height":""}],"twitter_card":"summary_large_image","twitter_misc":{"Estimated reading time":"1 minute"},"schema":{"@context":"https:\/\/schema.org","@graph":[{"@type":"WebPage","@id":"https:\/\/locama.pt\/web\/virtual-showroom\/","url":"https:\/\/locama.pt\/web\/virtual-showroom\/","name":"Virtual Showroom - Locama","isPartOf":{"@id":"https:\/\/locama.pt\/web\/#website"},"primaryImageOfPage":{"@id":"https:\/\/locama.pt\/web\/virtual-showroom\/#primaryimage"},"image":{"@id":"https:\/\/locama.pt\/web\/virtual-showroom\/#primaryimage"},"thumbnailUrl":"https:\/\/locama.pt\/web\/wp-content\/uploads\/2023\/01\/Imagem-Virtual-Show-Room.jpg","datePublished":"2022-05-11T16:28:44+00:00","dateModified":"2023-03-21T16:43:06+00:00","breadcrumb":{"@id":"https:\/\/locama.pt\/web\/virtual-showroom\/#breadcrumb"},"inLanguage":"en-GB","potentialAction":[{"@type":"ReadAction","target":["https:\/\/locama.pt\/web\/virtual-showroom\/"]}]},{"@type":"ImageObject","inLanguage":"en-GB","@id":"https:\/\/locama.pt\/web\/virtual-showroom\/#primaryimage","url":"https:\/\/locama.pt\/web\/wp-content\/uploads\/2023\/01\/Imagem-Virtual-Show-Room.jpg","contentUrl":"https:\/\/locama.pt\/web\/wp-content\/uploads\/2023\/01\/Imagem-Virtual-Show-Room.jpg"},{"@type":"BreadcrumbList","@id":"https:\/\/locama.pt\/web\/virtual-showroom\/#breadcrumb","itemListElement":[{"@type":"ListItem","position":1,"name":"Home","item":"https:\/\/locama.pt\/web\/"},{"@type":"ListItem","position":2,"name":"Virtual Showroom"}]},{"@type":"WebSite","@id":"https:\/\/locama.pt\/web\/#website","url":"https:\/\/locama.pt\/web\/","name":"Locama","description":"Portuguese textile company specializing in the development and manufacture of textile products for the home.","publisher":{"@id":"https:\/\/locama.pt\/web\/#organization"},"potentialAction":[{"@type":"SearchAction","target":{"@type":"EntryPoint","urlTemplate":"https:\/\/locama.pt\/web\/?s={search_term_string}"},"query-input":{"@type":"PropertyValueSpecification","valueRequired":true,"valueName":"search_term_string"}}],"inLanguage":"en-GB"},{"@type":"Organization","@id":"https:\/\/locama.pt\/web\/#organization","name":"Locama","url":"https:\/\/locama.pt\/web\/","logo":{"@type":"ImageObject","inLanguage":"en-GB","@id":"https:\/\/locama.pt\/web\/#\/schema\/logo\/image\/","url":"https:\/\/i0.wp.com\/locama.pt\/web\/wp-content\/uploads\/2022\/05\/locama-logo_preto.png?fit=370%2C207&ssl=1","contentUrl":"https:\/\/i0.wp.com\/locama.pt\/web\/wp-content\/uploads\/2022\/05\/locama-logo_preto.png?fit=370%2C207&ssl=1","width":370,"height":207,"caption":"Locama"},"image":{"@id":"https:\/\/locama.pt\/web\/#\/schema\/logo\/image\/"}}]}},"_links":{"self":[{"href":"https:\/\/locama.pt\/web\/en\/wp-json\/wp\/v2\/pages\/153","targetHints":{"allow":["GET"]}}],"collection":[{"href":"https:\/\/locama.pt\/web\/en\/wp-json\/wp\/v2\/pages"}],"about":[{"href":"https:\/\/locama.pt\/web\/en\/wp-json\/wp\/v2\/types\/page"}],"author":[{"embeddable":true,"href":"https:\/\/locama.pt\/web\/en\/wp-json\/wp\/v2\/users\/1"}],"replies":[{"embeddable":true,"href":"https:\/\/locama.pt\/web\/en\/wp-json\/wp\/v2\/comments?post=153"}],"version-history":[{"count":0,"href":"https:\/\/locama.pt\/web\/en\/wp-json\/wp\/v2\/pages\/153\/revisions"}],"wp:attachment":[{"href":"https:\/\/locama.pt\/web\/en\/wp-json\/wp\/v2\/media?parent=153"}],"curies":[{"name":"wp","href":"https:\/\/api.w.org\/{rel}","templated":true}]}}